{"id":2757,"date":"2020-05-09T13:21:39","date_gmt":"2020-05-09T11:21:39","guid":{"rendered":"https:\/\/kunden.mymsdesign.de\/barm\/?page_id=2757"},"modified":"2021-02-03T13:21:24","modified_gmt":"2021-02-03T12:21:24","slug":"von-studenten-fuer-interessenten","status":"publish","type":"page","link":"https:\/\/kunden.mymsdesign.de\/barm\/von-studenten-fuer-interessenten\/","title":{"rendered":"Von Studenten f\u00fcr Interessenten"},"content":{"rendered":"<p>[vc_row el_class=&#8221;thim-our-teachers&#8221; css=&#8221;.vc_custom_1589023340652{padding-bottom: 60px !important;}&#8221; el_id=&#8221;askastudent&#8221;][vc_column css=&#8221;.vc_custom_1539934009524{padding-top: 30px !important;}&#8221;]\n<div class=\"bp-element bp-element-heading  align-center layout-1  \" >\n    \t<h3 class=\"title\"  style=\"font-size:35px; font-weight:700; text-transform:none; margin:0 0 55px 0; \">\n\tAsk a Student\t<\/h3>\n\n\n\n<\/div>[vc_row_inner][vc_column_inner width=&#8221;1\/2&#8243;][vc_column_text]<\/p>\n<p>Du interessierst dich f\u00fcr ein duale Studium an der BerufsAkademie Rhein-Main und fragst dich: <em>Wie sieht so ein Studienalltag eigentlich aus? Welche Vorkenntnisse brauche ich um dual zu studieren? Was hei\u00dft eigentlich dual studieren in der Praxis und besteht das Wirtschaftsinformatikstudium nur aus Mathe?&nbsp;<\/em><\/p>\n<p>Dann bist du hier genau richtig! Als Experten des Studienalltags beantworten dir gerne all deine Fragen zu deinem dualen Studium an der BA Rhein-Main.<\/p>\n<p>[\/vc_column_text][vc_column_text]D\u00fcrfen wir uns kurz vorstellen: Lina Marie Ruster (links im Bild, 24 Jahre), Studentin der Betriebswirtschaftslehre und Leonie Wolf (rechts im Bild, 18 Jahre), Studentin der Wirtschaftsinformatik.<\/p>\n<p>Warum wir dual studieren? Ist doch klar: Es ist einfach klasse, bereits w\u00e4hrend des Studiums praktische Erfahrungen im Unternehmen zu sammeln, das Partnerunternehmen als Ganzes kennenzulernen und nach erfolgreichem Bachelor Abschluss direkt im Job durchstarten zu k\u00f6nnen.[\/vc_column_text][\/vc_column_inner][vc_column_inner width=&#8221;1\/2&#8243;][vc_single_image image=&#8221;2868&#8243; img_size=&#8221;large&#8221;][\/vc_column_inner][\/vc_row_inner][vc_column_text]Das Studium an der BA Rhein Main ist abwechslungsreich, wissenschaftlich und praktisch zugleich. Viele unserer Fachdozenten kommen direkt aus der Branche und k\u00f6nnen uns so gut auf unsere Zukunft im Unternehmen vorbereiten. Durch die kleinen Studiengruppen ist eine interaktive Vorlesung m\u00f6glich. Apropos kleine Studiengruppen. Ein besonderes Merkmal an der BA Rhein Main ist die pers\u00f6nliche Atmosph\u00e4re. Die Mitarbeiter und Dozenten stehen einem immer zur Seite, bieten Unterst\u00fctzung und L\u00f6sungen. Komm zu uns und gestalte deine Zukunft erfolgreich dual.<\/p>\n<p>Hast du noch weitere Fragen zu deinem dualen Studium?<\/p>\n<p>Fragen zum Thema Wirtschaftsinformatik stellst du am besten Leonie. Du erreichst sie direkt per Email unter&nbsp;<a href=\"mailto:studentenexperte-wi@ba-rm.de\">studentenexperte-wi@ba-rm.de<\/a>&nbsp;oder f\u00fcllst einfach das Formular aus.<\/p>\n<p>Lina erreichst du f\u00fcr alle Fragen zum Thema Betriebswirtschaftslehre unter&nbsp;<a href=\"mailto:studentenexperte-bwl@ba-rm.de\">studentenexperte-bwl@ba-rm.de<\/a>&nbsp;oder auch direkt \u00fcbers Formular.[\/vc_column_text][vc_separator]\n<div class=\"bp-element bp-element-heading  align-left layout-1  \" >\n    \t<h3 class=\"title\"  style=\"font-size:26px; font-weight:700; text-transform:none; margin:0 0 55px 0; \">\n\tFormular zur Anfrage\t<\/h3>\n\n\n\n<\/div>[vc_column_text]I am text block. Click edit button to change this text. Lorem ipsum dolor sit amet, consectetur adipiscing elit. Ut elit tellus, luctus nec ullamcorper mattis, pulvinar dapibus leo.[\/vc_column_text][vc_tta_accordion color=&#8221;white&#8221; c_icon=&#8221;&#8221; active_section=&#8221;7345&#8243; collapsible_all=&#8221;true&#8221;][vc_tta_section i_icon_fontawesome=&#8221;far fa-id-card&#8221; add_icon=&#8221;true&#8221; title=&#8221;Kontaktformular \u00f6ffnen&#8221; tab_id=&#8221;1600512940343-e0f3eea9-6fb8&#8243;]<div role=\"form\" class=\"wpcf7\" id=\"wpcf7-f2926-o1\" lang=\"de-DE\" dir=\"ltr\">\n<div class=\"screen-reader-response\"><p role=\"status\" aria-live=\"polite\" aria-atomic=\"true\"><\/p> <ul><\/ul><\/div>\n<form action=\"\/barm\/wp-json\/wp\/v2\/pages\/2757#wpcf7-f2926-o1\" method=\"post\" class=\"wpcf7-form init\" novalidate=\"novalidate\" data-status=\"init\">\n<div style=\"display: none;\">\n<input type=\"hidden\" name=\"_wpcf7\" value=\"2926\" \/>\n<input type=\"hidden\" name=\"_wpcf7_version\" value=\"5.6\" \/>\n<input type=\"hidden\" name=\"_wpcf7_locale\" value=\"de_DE\" \/>\n<input type=\"hidden\" name=\"_wpcf7_unit_tag\" value=\"wpcf7-f2926-o1\" \/>\n<input type=\"hidden\" name=\"_wpcf7_container_post\" value=\"0\" \/>\n<input type=\"hidden\" name=\"_wpcf7_posted_data_hash\" value=\"\" \/>\n<\/div>\n<p><label class=\"wrap-input\"> Dein Name<br \/>\n    <span class=\"wpcf7-form-control-wrap\" data-name=\"your-name\"><input type=\"text\" name=\"your-name\" value=\"\" size=\"40\" class=\"wpcf7-form-control wpcf7-text\" aria-invalid=\"false\" \/><\/span> <\/label><\/p>\n<p><label class=\"wrap-input\"> Deine E-Mail-Adresse (Pflichtfeld)<br \/>\n    <span class=\"wpcf7-form-control-wrap\" data-name=\"your-email\"><input type=\"email\" name=\"your-email\" value=\"\" size=\"40\" class=\"wpcf7-form-control wpcf7-text wpcf7-email wpcf7-validates-as-required wpcf7-validates-as-email\" aria-required=\"true\" aria-invalid=\"false\" \/><\/span> <\/label><\/p>\n<p><label class=\"wrap-input\">Auf welchen Studiengang bezieht sich deine Frage? (Pflichtfeld)<br \/>\n    <span class=\"wpcf7-form-control-wrap\" data-name=\"menu-510\"><select name=\"menu-510\" class=\"wpcf7-form-control wpcf7-select wpcf7-validates-as-required\" aria-required=\"true\" aria-invalid=\"false\"><option value=\"\">---<\/option><option value=\"Betriebswirtschaftslehre\">Betriebswirtschaftslehre<\/option><option value=\"Betriebswirtschaftslehre \u2013 Banking &amp; Finance\">Betriebswirtschaftslehre \u2013 Banking &amp; Finance<\/option><option value=\"Betriebswirtschaftslehre \u2013 Handel &amp; Dienstleistungen\">Betriebswirtschaftslehre \u2013 Handel &amp; Dienstleistungen<\/option><option value=\"Betriebswirtschaftslehre \u2013 Hotelmanagement &amp; Systemgastronomie\">Betriebswirtschaftslehre \u2013 Hotelmanagement &amp; Systemgastronomie<\/option><option value=\"Betriebswirtschaftslehre \u2013 Industrie\">Betriebswirtschaftslehre \u2013 Industrie<\/option><option value=\"Betriebswirtschaftslehre \u2013 Spedition &amp; Logistik\">Betriebswirtschaftslehre \u2013 Spedition &amp; Logistik<\/option><option value=\"Wirtschaftsinformatik\">Wirtschaftsinformatik<\/option><\/select><\/span> <\/label><\/p>\n<p><label class=\"wrap-input\"> Deine Nachricht (Pflichtfeld)<br \/>\n    <span class=\"wpcf7-form-control-wrap\" data-name=\"your-message\"><textarea name=\"your-message\" cols=\"40\" rows=\"10\" class=\"wpcf7-form-control wpcf7-textarea wpcf7-validates-as-required\" aria-required=\"true\" aria-invalid=\"false\"><\/textarea><\/span> <\/label><\/p>\n<p><label class=\"wrap-input\"> Datenschutzbestimmungen<br \/>\n<span class=\"wpcf7-form-control-wrap\" data-name=\"acceptance-416\"><span class=\"wpcf7-form-control wpcf7-acceptance\"><span class=\"wpcf7-list-item\"><label><input type=\"checkbox\" name=\"acceptance-416\" value=\"1\" aria-invalid=\"false\" \/><span class=\"wpcf7-list-item-label\">Ich akzeptiere die Datenschutzbestimmungen.<\/span><\/label><\/span><\/span><\/span> <\/label><\/p>\n<p><input type=\"submit\" value=\"Senden\" class=\"wpcf7-form-control has-spinner wpcf7-submit btn-normal shape-round\" \/><\/p>\n<div class=\"wpcf7-response-output\" aria-hidden=\"true\"><\/div><\/form><\/div>[\/vc_tta_section][\/vc_tta_accordion][\/vc_column][\/vc_row][vc_row full_width=&#8221;stretch_row&#8221; css=&#8221;.vc_custom_1600513255147{padding-top: 92px !important;padding-bottom: 60px !important;background-color: #f5f4f0 !important;}&#8221; el_id=&#8221;interviewsstudierende&#8221;][vc_column]\n<div class=\"bp-element bp-element-heading  align-center layout-1  \" >\n    \t<h3 class=\"title\"  style=\"font-size:35px; font-weight:700; text-transform:none; margin:0 0 55px 0; \">\n\tInterviews mit Studierenden\t<\/h3>\n\n\n\n<\/div>[vc_row_inner][vc_column_inner width=&#8221;1\/3&#8243;][vc_single_image image=&#8221;3253&#8243; img_size=&#8221;200&#215;200&#8243; alignment=&#8221;center&#8221; style=&#8221;vc_box_circle_2&#8243; onclick=&#8221;custom_link&#8221; link=&#8221;https:\/\/kunden.mymsdesign.de\/barm\/interview-mit-christopher-krebs\/&#8221;]<div class=\"bp-element bp-element-icon-box  normal  vc_custom_1612354850257 marketing-layout-1  icon-default text-default style-1 layout-6-default \"    >\n\t    <a href=\"https:\/\/kunden.mymsdesign.de\/barm\/interview-mit-christopher-krebs\/\" class=\"icon-box\">\n        <div class=\"icon-image\">\n                            <i class=\"fas fa-mouse-pointer\"><\/i>\n                    <\/div>\n\n        <div class=\"content\">\n                            <h3 class=\"title\" >\n                    Interview mit Christopher Krebs                <\/h3>\n            \n                            <div class=\"description\" >\n                    Christopher Krebs, dualer Student im Studiengang Betriebswirtschaftslehre, berichtet \u00fcber seine Erfahrungen an der Berufsakademie Rhein-Main.                <\/div>\n                    <\/div>\n    <\/a>\n<\/div>\n[\/vc_column_inner][vc_column_inner width=&#8221;1\/3&#8243;][vc_single_image image=&#8221;3247&#8243; img_size=&#8221;200&#215;200&#8243; alignment=&#8221;center&#8221; style=&#8221;vc_box_circle_2&#8243; onclick=&#8221;custom_link&#8221; link=&#8221;https:\/\/kunden.mymsdesign.de\/barm\/interview-mit-leonie-wolf\/&#8221;]<div class=\"bp-element bp-element-icon-box  normal  vc_custom_1612354872646 marketing-layout-1  icon-default text-default style-1 layout-6-default \"    >\n\t    <a href=\"https:\/\/kunden.mymsdesign.de\/barm\/interview-mit-leonie-wolf\/\" class=\"icon-box\">\n        <div class=\"icon-image\">\n                            <i class=\"fas fa-mouse-pointer\"><\/i>\n                    <\/div>\n\n        <div class=\"content\">\n                            <h3 class=\"title\" >\n                    Interview mit Leonie Wolf                <\/h3>\n            \n                            <div class=\"description\" >\n                    Leonie Wolf, duale Studentin im Studiengang Wirtschaftsinformatik, berichtet \u00fcber ihre Erfahrungen an der Berufsakademie Rhein-Main.                <\/div>\n                    <\/div>\n    <\/a>\n<\/div>\n[\/vc_column_inner][vc_column_inner width=&#8221;1\/3&#8243;][vc_single_image image=&#8221;3247&#8243; img_size=&#8221;200&#215;200&#8243; alignment=&#8221;center&#8221; style=&#8221;vc_box_circle_2&#8243; onclick=&#8221;custom_link&#8221; link=&#8221;https:\/\/kunden.mymsdesign.de\/barm\/interview-mit-christopher-krebs\/&#8221;]<div class=\"bp-element bp-element-icon-box  normal  vc_custom_1612354882657 marketing-layout-1  icon-default text-default style-1 layout-6-default \"    >\n\t    <a href=\"https:\/\/kunden.mymsdesign.de\/barm\/interview-mit-christopher-krebs\/\" class=\"icon-box\">\n        <div class=\"icon-image\">\n                            <i class=\"fas fa-mouse-pointer\"><\/i>\n                    <\/div>\n\n        <div class=\"content\">\n                            <h3 class=\"title\" >\n                    Interview mit Christopher Krebs                <\/h3>\n            \n                            <div class=\"description\" >\n                    Christopher Krebs, dualer Student im Studiengang Betriebswirtschaftslehre, berichtet \u00fcber seine Erfahrungen an der Berufsakademie Rhein-Main.                <\/div>\n                    <\/div>\n    <\/a>\n<\/div>\n[\/vc_column_inner][\/vc_row_inner][\/vc_column][\/vc_row][vc_row el_class=&#8221;thim-our-teachers&#8221; css=&#8221;.vc_custom_1589023403828{padding-bottom: 60px !important;}&#8221; el_id=&#8221;alumnistatements&#8221;][vc_column css=&#8221;.vc_custom_1539934009524{padding-top: 30px !important;}&#8221;]\n<div class=\"bp-element bp-element-heading  align-center layout-1  \" >\n    \t<h3 class=\"title\"  style=\"font-size:35px; font-weight:700; text-transform:none; margin:0 0 55px 0; \">\n\tAlumni Statements\t<\/h3>\n\n\n\n<\/div>[vc_column_text]I am text block. Click edit button to change this text. Lorem ipsum dolor sit amet, consectetur adipiscing elit. Ut elit tellus, luctus nec ullamcorper mattis, pulvinar dapibus leo.[\/vc_column_text]\n<div class=\"bp-element bp-element-testimonials   layout-slider-5  \" >\n\n\t\n<div class=\"slide-testimonial js-call-slick-col\" data-numofslide=\"1\" data-numofscroll=\"1\" data-loopslide=\"1\" data-autoscroll=\"1\" data-speedauto=\"6000\" data-customdot=\"0\" data-respon=\"[1, 1], [1, 1], [1, 1], [1, 1], [1, 1]\">\n    <div class=\"slide-slick\">\n                <div class=\"testimonial-item\">\n            <div class=\"pic\">\n                \n\t\t\t<img  src=\"https:\/\/kunden.mymsdesign.de\/barm\/wp-content\/uploads\/2020\/07\/Zabicki_kompr.-176x176.jpg\"\n\t\t\t\t\t\t\t\t\t\t\t\t\t\t\t alt=\"Zabicki_kompr.\"\n\t\t\t\t\t\t\t\t\t\t\t\t\t\t\t class=\"\">\n\n\t\t\t\n                <span class=\"color-bg small\"><\/span>\n                <span class=\"color-bg normal\"><\/span>\n                <span class=\"color-bg big\"><\/span>\n            <\/div>\n\n            <div class=\"text\">\n                <div class=\"content\">\n                    Durch das Studium an der BA Rhein Main, und der starken Verzahnung von Theorie und Praxis, wurde ich gleichzeitig auch sehr gut auf das Berufsleben au\u00dferhalb meines Studiums vorbereitet. Durch die enorme Schwerpunktbildung bez\u00fcglich der Pr\u00e4sentation von erlernten Inhalten und der damit verbundenen Selbstpr\u00e4sentation, fiel es mir auch im Berufsleben zunehmend leichter, meine Arbeit und auch mich selbst besser zu vermarkten.                <\/div>\n\n                <div class=\"author\">\n                                            <a href=\"#\"\n                           target=\"_self\" class=\"name\">Stefan Zabicki<\/a>\n                    \n                                            <span class=\"description\">Teamleiter bei Commerzbank<\/span>\n                                    <\/div>\n            <\/div>\n        <\/div>\n                <div class=\"testimonial-item\">\n            <div class=\"pic\">\n                \n\t\t\t<img  src=\"https:\/\/kunden.mymsdesign.de\/barm\/wp-content\/uploads\/2020\/07\/Norman-Kissler-scaled-176x176.jpg\"\n\t\t\t\t\t\t\t\t\t\t\t\t\t\t\t alt=\"Norman-Kissler\"\n\t\t\t\t\t\t\t\t\t\t\t\t\t\t\t class=\"\">\n\n\t\t\t\n                <span class=\"color-bg small\"><\/span>\n                <span class=\"color-bg normal\"><\/span>\n                <span class=\"color-bg big\"><\/span>\n            <\/div>\n\n            <div class=\"text\">\n                <div class=\"content\">\n                    Durch das duale Studium konnte ich zum einen Berufserfahrung sammeln, zum anderen konnte ich hierdurch mein Studium finanzieren. Durch die Fokussierung von Unternehmen auf m\u00f6glichst junge Bewerber mit m\u00f6glichst langer Berufserfahrung sind duale Studenten sehr gefragt, was sich in h\u00f6heren Einstiegsgeh\u00e4ltern, k\u00fcrzeren Einarbeitungszeiten und besseren Berufschancen wiederspiegelt.                <\/div>\n\n                <div class=\"author\">\n                                            <a href=\"#\"\n                           target=\"_self\" class=\"name\">Norman Ki\u00dfler<\/a>\n                    \n                                            <span class=\"description\">Teamleiter<\/span>\n                                    <\/div>\n            <\/div>\n        <\/div>\n                <div class=\"testimonial-item\">\n            <div class=\"pic\">\n                \n\t\t\t<img  src=\"https:\/\/kunden.mymsdesign.de\/barm\/wp-content\/uploads\/2020\/10\/Marc-Stueber_hochkant-176x176.jpg\"\n\t\t\t\t\t\t\t\t\t\t\t\t\t\t\t alt=\"Marc-St\u00fcber_hochkant\"\n\t\t\t\t\t\t\t\t\t\t\t\t\t\t\t class=\"\">\n\n\t\t\t\n                <span class=\"color-bg small\"><\/span>\n                <span class=\"color-bg normal\"><\/span>\n                <span class=\"color-bg big\"><\/span>\n            <\/div>\n\n            <div class=\"text\">\n                <div class=\"content\">\n                    Der Wechsel zwischen Theorie und Praxis hat mir die M\u00f6glichkeit gegeben, sowohl Erfahrungen im Beratungsgesch\u00e4ft zu sammeln, als auch die internen Bereiche und Abl\u00e4ufe meines Unternehmens kennenzulernen. So konnte ich die wissenschaftliche Theorie in der Praxis erleben, anwenden und mitgestalten. Speziell in den internen Bereichen konnte ich die erlernten Studieninhalte umsetzen, meine Kollegen wertvoll unterst\u00fctzen und verantwortliche Aufgaben \u00fcbernehmen.                <\/div>\n\n                <div class=\"author\">\n                                            <a href=\"#\"\n                           target=\"_self\" class=\"name\">Marc St\u00fcber<\/a>\n                    \n                                            <span class=\"description\">Teamleiter<\/span>\n                                    <\/div>\n            <\/div>\n        <\/div>\n                <div class=\"testimonial-item\">\n            <div class=\"pic\">\n                \n\t\t\t<img  src=\"https:\/\/kunden.mymsdesign.de\/barm\/wp-content\/uploads\/2020\/10\/Stephan_Sebastian-176x176.jpg\"\n\t\t\t\t\t\t\t\t\t\t\t\t\t\t\t alt=\"Stephan_Sebastian\"\n\t\t\t\t\t\t\t\t\t\t\t\t\t\t\t class=\"\">\n\n\t\t\t\n                <span class=\"color-bg small\"><\/span>\n                <span class=\"color-bg normal\"><\/span>\n                <span class=\"color-bg big\"><\/span>\n            <\/div>\n\n            <div class=\"text\">\n                <div class=\"content\">\n                    Das Studium an der BA Rhein-Main war f\u00fcr mich genau die richtige Entscheidung. In einem famili\u00e4ren Umfeld vergingen die drei Studienjahre wie im Flug. Mit dem BA-Team konnte man immer offen \u00fcber alle Angelegenheiten sprechen und man stand nie vor verschlossenen T\u00fcren.                <\/div>\n\n                <div class=\"author\">\n                                            <a href=\"#\"\n                           target=\"_self\" class=\"name\">Sebastian Stephan<\/a>\n                    \n                                            <span class=\"description\">Teamleiter<\/span>\n                                    <\/div>\n            <\/div>\n        <\/div>\n                <div class=\"testimonial-item\">\n            <div class=\"pic\">\n                \n\t\t\t<img  src=\"https:\/\/kunden.mymsdesign.de\/barm\/wp-content\/uploads\/2020\/10\/Christian_Daum-214x300-1-176x176.jpg\"\n\t\t\t\t\t\t\t\t\t\t\t\t\t\t\t alt=\"Christian_Daum-214&#215;300\"\n\t\t\t\t\t\t\t\t\t\t\t\t\t\t\t class=\"\">\n\n\t\t\t\n                <span class=\"color-bg small\"><\/span>\n                <span class=\"color-bg normal\"><\/span>\n                <span class=\"color-bg big\"><\/span>\n            <\/div>\n\n            <div class=\"text\">\n                <div class=\"content\">\n                    Bereits vor meinem Erststudium an der Berufsakademie Rhein-Main absolvierte ich eine Berufsausbildung im dualen Ausbildungssystem. Es brauchte keine langen \u00dcberlegungen, allein meine \u00dcberzeugung und die Herausforderung zur Fort- und Weiterbildung \u201eon-the-job\u201c gen\u00fcgten, weshalb ich auch meinen akademischen Werdegang dual bestreiten wollte.                <\/div>\n\n                <div class=\"author\">\n                                            <a href=\"#\"\n                           target=\"_self\" class=\"name\">Christian Daum<\/a>\n                    \n                                            <span class=\"description\">Teamleiter<\/span>\n                                    <\/div>\n            <\/div>\n        <\/div>\n            <\/div>\n\n    <div class=\"wrap-dot-slick\"><\/div>\n<\/div>\n<\/div>\n[\/vc_column][\/vc_row]<\/p>\n<input class=\"fooboxshare_post_id\" type=\"hidden\" value=\"2757\"\/>","protected":false},"excerpt":{"rendered":"<p>[vc_row el_class=&#8221;thim-our-teachers&#8221; css=&#8221;.vc_custom_1589023340652{padding-bottom: 60px !important;}&#8221; el_id=&#8221;askastudent&#8221;][vc_column css=&#8221;.vc_custom_1539934009524{padding-top: 30px !important;}&#8221;][vc_row_inner][vc_column_inner width=&#8221;1\/2&#8243;][vc_column_text] Du interessierst dich f\u00fcr ein duale Studium an der BerufsAkademie&#8230;<\/p>\n","protected":false},"author":1,"featured_media":0,"parent":0,"menu_order":0,"comment_status":"closed","ping_status":"closed","template":"","meta":{"ngg_post_thumbnail":0},"folder":[140],"_links":{"self":[{"href":"https:\/\/kunden.mymsdesign.de\/barm\/wp-json\/wp\/v2\/pages\/2757"}],"collection":[{"href":"https:\/\/kunden.mymsdesign.de\/barm\/wp-json\/wp\/v2\/pages"}],"about":[{"href":"https:\/\/kunden.mymsdesign.de\/barm\/wp-json\/wp\/v2\/types\/page"}],"author":[{"embeddable":true,"href":"https:\/\/kunden.mymsdesign.de\/barm\/wp-json\/wp\/v2\/users\/1"}],"replies":[{"embeddable":true,"href":"https:\/\/kunden.mymsdesign.de\/barm\/wp-json\/wp\/v2\/comments?post=2757"}],"version-history":[{"count":81,"href":"https:\/\/kunden.mymsdesign.de\/barm\/wp-json\/wp\/v2\/pages\/2757\/revisions"}],"predecessor-version":[{"id":3895,"href":"https:\/\/kunden.mymsdesign.de\/barm\/wp-json\/wp\/v2\/pages\/2757\/revisions\/3895"}],"wp:attachment":[{"href":"https:\/\/kunden.mymsdesign.de\/barm\/wp-json\/wp\/v2\/media?parent=2757"}],"wp:term":[{"taxonomy":"folder","embeddable":true,"href":"https:\/\/kunden.mymsdesign.de\/barm\/wp-json\/wp\/v2\/folder?post=2757"}],"curies":[{"name":"wp","href":"https:\/\/api.w.org\/{rel}","templated":true}]}}