{"id":43,"date":"2018-10-16T06:51:20","date_gmt":"2018-10-16T04:51:20","guid":{"rendered":"http:\/\/ivy-school.thimpress.com\/?page_id=43"},"modified":"2022-06-14T21:24:35","modified_gmt":"2022-06-14T19:24:35","slug":"kontakt","status":"publish","type":"page","link":"https:\/\/kunden.mymsdesign.de\/barm\/kontakt\/","title":{"rendered":"Kontakt"},"content":{"rendered":"<p>[vc_row css=&#8221;.vc_custom_1539713977408{border-bottom-width: 1px !important;padding-top: 98px !important;padding-bottom: 110px !important;border-bottom-color: rgba(124,124,124,0.2) !important;border-bottom-style: solid !important;}&#8221;][vc_column][vc_row_inner el_class=&#8221;content-area&#8221;][vc_column_inner el_class=&#8221;custom-col&#8221; width=&#8221;1\/2&#8243;]<div class=\"bp-element bp-element-icon-box  normal   layout-1  icon-default text-center style-1 layout-6-default \"    >\n\t\n<div class=\"icon-box type-icon\">\n    <div class=\"icon-image \" >\n                    <i class=\"fas fa-phone-alt\"  style=\"font-size: 400px; color:#e7bc41; \"><\/i>\n            <\/div>\n\n    <div class=\"content\" >\n\t\t        <h3 class=\"title\"  style=\"color:#292929; font-size:21px; font-weight:500; margin:22px 0 14px 0; \">\n\t\t\n\t\t\tRUFEN SIE UNS AN\n\t\t\t    <\/h3>\n\n        <div class=\"description\"  style=\"color:#747474; font-weight:300; font-size:18px; \">\n            Telefon: +49 (0) 6074 3101120<br \/>\nTelefax: +49 (0) 6074 3101121        <\/div>\n    <\/div>\n\n    \n<\/div>\n<\/div>\n[\/vc_column_inner][vc_column_inner el_class=&#8221;custom-col&#8221; width=&#8221;1\/2&#8243; css=&#8221;.vc_custom_1539713286688{border-right-width: 1px !important;border-left-width: 1px !important;padding-top: 0px !important;border-left-color: rgba(124,124,124,0.2) !important;border-left-style: solid !important;border-right-color: rgba(124,124,124,0.2) !important;border-right-style: solid !important;}&#8221;]<div class=\"bp-element bp-element-icon-box  normal   layout-1  icon-default text-center style-1 layout-6-default \"    >\n\t\n<div class=\"icon-box type-icon\">\n    <div class=\"icon-image \"  style=\"width:62px; line-height:62px; height:62px; \">\n                    <i class=\"fas fa-paper-plane\"  style=\"font-size: 400px; color:#e7bc41; line-height: 62px;\"><\/i>\n            <\/div>\n\n    <div class=\"content\" >\n\t\t        <h3 class=\"title\"  style=\"color:#292929; font-size:21px; font-weight:500; margin:22px 0 14px 0; \">\n\t\t\n\t\t\tSCHREIBEN SIE UNS\n\t\t\t    <\/h3>\n\n        <div class=\"description\"  style=\"color:#747474; font-weight:300; font-size:18px; \">\n            E-Mail: info@ba-rm.de        <\/div>\n    <\/div>\n\n    \n<\/div>\n<\/div>\n[\/vc_column_inner][\/vc_row_inner][vc_row_inner el_class=&#8221;content-area&#8221; css=&#8221;.vc_custom_1605277182526{padding-top: 90px !important;}&#8221;][vc_column_inner el_class=&#8221;custom-col&#8221; width=&#8221;1\/2&#8243;]<div class=\"bp-element bp-element-icon-box  normal   layout-1  icon-default text-center style-1 layout-6-default \"    >\n\t\n<div class=\"icon-box type-icon\">\n    <div class=\"icon-image \" >\n                    <i class=\"fas fa-map-marker-alt\"  style=\"font-size: 400px; color:#e7bc41; \"><\/i>\n            <\/div>\n\n    <div class=\"content\" >\n\t\t        <h3 class=\"title\"  style=\"color:#292929; font-size:21px; font-weight:500; margin:35px 0 14px 0; \">\n\t\t\n\t\t\tUNSER STANDORT\n\t\t\t    <\/h3>\n\n        <div class=\"description\"  style=\"color:#747474; font-weight:300; font-size:18px; \">\n            Am Schwimmbad 3,<br \/>\n63322 R\u00f6dermark        <\/div>\n    <\/div>\n\n    \n<\/div>\n<\/div>\n[\/vc_column_inner][vc_column_inner el_class=&#8221;custom-col&#8221; width=&#8221;1\/2&#8243; css=&#8221;.vc_custom_1539713286688{border-right-width: 1px !important;border-left-width: 1px !important;padding-top: 0px !important;border-left-color: rgba(124,124,124,0.2) !important;border-left-style: solid !important;border-right-color: rgba(124,124,124,0.2) !important;border-right-style: solid !important;}&#8221;]\n<!--google map element-->\n<div class=\"bp-element bp-element-google-map   \"      style=\"height: 440px\" >\n\n\t\n\t\n    <div class=\"ob-google-map-canvas\"\n         id=\"ob-map-canvas-eb209e06664dd017a12b74f798e01295\" data-address='Am Schwimmbad 3, R\u00f6dermark'  data-zoom='10' data-scroll-zoom=''  data-draggable='' data-style='default'  data-api_key='AIzaSyBdvK4Zw4Lylc6OiTIyLfcwiEMHO2UlQsk'><\/div>\n<\/div>\n[\/vc_column_inner][\/vc_row_inner][\/vc_column][\/vc_row][vc_row][vc_column][vc_empty_space height=&#8221;92px&#8221;][\/vc_column][\/vc_row][vc_row el_class=&#8221;thim-leave-message&#8221;][vc_column width=&#8221;1\/2&#8243;]\n<div class=\"bp-element bp-element-heading  align-center layout-1  thim-style-demo\" >\n    \t<h3 class=\"title\"  style=\"color:#292929; font-size:35px; font-weight:700; text-transform:none; margin:0 0 13px 0; \">\n\tKontakt zur BA\t<\/h3>\n\n\n\n<\/div>[vc_column_text css=&#8221;.vc_custom_1655234350699{padding-top: 90px !important;}&#8221;]Du ben\u00f6tigst Hilfe bei Deiner Entscheidung? Du w\u00fcnschst mehr Informationen zu unseren dualen Studieng\u00e4ngen? Oder Du m\u00f6chtest gerne einen individuellen Beratungstermin vereinbaren?<\/p>\n<p>Wir unterst\u00fctzen Dich gerne. Einfach das Kontaktformular ausf\u00fcllen \u2013 Wir melden uns umgehend bei Dir zur\u00fcck.<br \/>\n[\/vc_column_text][\/vc_column][vc_column width=&#8221;1\/2&#8243;]\n<div class=\"bp-element bp-element-heading  align-center layout-1  thim-style-demo\" >\n    \t<h3 class=\"title\"  style=\"color:#292929; font-size:35px; font-weight:700; text-transform:none; margin:0 0 13px 0; \">\n\tInfomaterial anfordern\t<\/h3>\n\n\n\n<\/div>[vc_column_text css=&#8221;.vc_custom_1605113228252{padding-top: 90px !important;}&#8221;]I am text block. Click edit button to change this text. Lorem ipsum dolor sit amet, consectetur adipiscing elit. Ut elit tellus, luctus nec ullamcorper mattis, pulvinar dapibus leo.[\/vc_column_text][\/vc_column][\/vc_row][vc_row css=&#8221;.vc_custom_1539115596535{margin-top: 60px !important;}&#8221;][vc_column width=&#8221;1\/2&#8243;]<div role=\"form\" class=\"wpcf7\" id=\"wpcf7-f930-o1\" lang=\"en-US\" dir=\"ltr\">\n<div class=\"screen-reader-response\"><p role=\"status\" aria-live=\"polite\" aria-atomic=\"true\"><\/p> <ul><\/ul><\/div>\n<form action=\"\/barm\/wp-json\/wp\/v2\/pages\/43#wpcf7-f930-o1\" method=\"post\" class=\"wpcf7-form init\" novalidate=\"novalidate\" data-status=\"init\">\n<div style=\"display: none;\">\n<input type=\"hidden\" name=\"_wpcf7\" value=\"930\" \/>\n<input type=\"hidden\" name=\"_wpcf7_version\" value=\"5.6\" \/>\n<input type=\"hidden\" name=\"_wpcf7_locale\" value=\"en_US\" \/>\n<input type=\"hidden\" name=\"_wpcf7_unit_tag\" value=\"wpcf7-f930-o1\" \/>\n<input type=\"hidden\" name=\"_wpcf7_container_post\" value=\"0\" \/>\n<input type=\"hidden\" name=\"_wpcf7_posted_data_hash\" value=\"\" \/>\n<\/div>\n<div class=\"form-contactpage\">\n   <label class=\"wrap-input\"><span class=\"wpcf7-form-control-wrap\" data-name=\"your-name\"><input type=\"text\" name=\"your-name\" value=\"\" size=\"40\" class=\"wpcf7-form-control wpcf7-text wpcf7-validates-as-required\" aria-required=\"true\" aria-invalid=\"false\" placeholder=\"Name\" \/><\/span><\/label> <label class=\"wrap-input\"><span class=\"wpcf7-form-control-wrap\" data-name=\"your-betreff\"><input type=\"text\" name=\"your-betreff\" value=\"\" size=\"40\" class=\"wpcf7-form-control wpcf7-text wpcf7-validates-as-required\" aria-required=\"true\" aria-invalid=\"false\" placeholder=\"Betreff\" \/><\/span><\/label> <label class=\"wrap-input\"><span class=\"wpcf7-form-control-wrap\" data-name=\"your-email\"><input type=\"email\" name=\"your-email\" value=\"\" size=\"40\" class=\"wpcf7-form-control wpcf7-text wpcf7-email wpcf7-validates-as-required wpcf7-validates-as-email\" aria-required=\"true\" aria-invalid=\"false\" placeholder=\"E-Mail\" \/><\/span><\/label><br \/>\n   <label class=\"wap-textarea\"><span class=\"wpcf7-form-control-wrap\" data-name=\"your-message\"><textarea name=\"your-message\" cols=\"40\" rows=\"10\" class=\"wpcf7-form-control wpcf7-textarea\" aria-invalid=\"false\" placeholder=\"Nachricht\"><\/textarea><\/span><\/label><br \/>\n   <input type=\"submit\" value=\"Senden\" class=\"wpcf7-form-control has-spinner wpcf7-submit btn-normal shape-round\" \/>\n<\/div>\n<div class=\"wpcf7-response-output\" aria-hidden=\"true\"><\/div><\/form><\/div>[\/vc_column][vc_column width=&#8221;1\/2&#8243;]<div role=\"form\" class=\"wpcf7\" id=\"wpcf7-f934-o2\" lang=\"en-US\" dir=\"ltr\">\n<div class=\"screen-reader-response\"><p role=\"status\" aria-live=\"polite\" aria-atomic=\"true\"><\/p> <ul><\/ul><\/div>\n<form action=\"\/barm\/wp-json\/wp\/v2\/pages\/43#wpcf7-f934-o2\" method=\"post\" class=\"wpcf7-form init\" novalidate=\"novalidate\" data-status=\"init\">\n<div style=\"display: none;\">\n<input type=\"hidden\" name=\"_wpcf7\" value=\"934\" \/>\n<input type=\"hidden\" name=\"_wpcf7_version\" value=\"5.6\" \/>\n<input type=\"hidden\" name=\"_wpcf7_locale\" value=\"en_US\" \/>\n<input type=\"hidden\" name=\"_wpcf7_unit_tag\" value=\"wpcf7-f934-o2\" \/>\n<input type=\"hidden\" name=\"_wpcf7_container_post\" value=\"0\" \/>\n<input type=\"hidden\" name=\"_wpcf7_posted_data_hash\" value=\"\" \/>\n<\/div>\n<div class=\"form-contactpage\">\n   <label class=\"wrap-input\"><span class=\"wpcf7-form-control-wrap\" data-name=\"your-name\"><input type=\"text\" name=\"your-name\" value=\"\" size=\"40\" class=\"wpcf7-form-control wpcf7-text wpcf7-validates-as-required\" aria-required=\"true\" aria-invalid=\"false\" placeholder=\"Name\" \/><\/span><\/label> <label class=\"wrap-input\"><span class=\"wpcf7-form-control-wrap\" data-name=\"your-betreff\"><input type=\"text\" name=\"your-betreff\" value=\"\" size=\"40\" class=\"wpcf7-form-control wpcf7-text wpcf7-validates-as-required\" aria-required=\"true\" aria-invalid=\"false\" placeholder=\"Welches Studienjahr?\" \/><\/span><\/label> <label class=\"wrap-input\"><span class=\"wpcf7-form-control-wrap\" data-name=\"your-email\"><input type=\"email\" name=\"your-email\" value=\"\" size=\"40\" class=\"wpcf7-form-control wpcf7-text wpcf7-email wpcf7-validates-as-required wpcf7-validates-as-email\" aria-required=\"true\" aria-invalid=\"false\" placeholder=\"E-Mail\" \/><\/span><\/label><br \/>\n   <label class=\"wap-textarea\"><span class=\"wpcf7-form-control-wrap\" data-name=\"your-message\"><textarea name=\"your-message\" cols=\"40\" rows=\"10\" class=\"wpcf7-form-control wpcf7-textarea\" aria-invalid=\"false\" placeholder=\"Nachricht\"><\/textarea><\/span><\/label><br \/>\n   <input type=\"submit\" value=\"Infomaterial anfordern\" class=\"wpcf7-form-control has-spinner wpcf7-submit btn-normal shape-round\" \/>\n<\/div>\n<div class=\"wpcf7-response-output\" aria-hidden=\"true\"><\/div><\/form><\/div>[\/vc_column][\/vc_row][vc_row css=&#8221;.vc_custom_1605277153952{padding-top: 90px !important;}&#8221;][vc_column][vc_separator][\/vc_column][\/vc_row][vc_row css=&#8221;.vc_custom_1605277401592{border-bottom-width: 1px !important;padding-top: 45px !important;padding-bottom: 110px !important;border-bottom-color: rgba(124,124,124,0.2) !important;border-bottom-style: solid !important;}&#8221;][vc_column][vc_row_inner el_class=&#8221;content-area&#8221;][vc_column_inner width=&#8221;1\/2&#8243;]<div class=\"bp-element bp-element-icon-box  normal   layout-1  icon-default text-center style-1 layout-6-default \"    >\n\t\n<div class=\"icon-box type-icon\">\n    <div class=\"icon-image \" >\n                    <i class=\"fab fa-facebook\"  style=\"font-size: 400px; color:#e7bc41; \"><\/i>\n            <\/div>\n\n    <div class=\"content\" >\n\t\t        <h3 class=\"title\"  style=\"color:#292929; font-size:21px; font-weight:500; margin:27px 0 14px 0; \">\n\t\t        <a class=\"bp-element-hover\" href=\"https:\/\/www.facebook.com\/BerufsakademieRheinMain\/\"\n           data-hover=\"\"\n\t\t\t title='Externer Link zur Facebook-Gruppe.' >\n\t\t\t\n\t\t\tFACEBOOK\n\t\t\t        <\/a>\n\t    <\/h3>\n\n        <div class=\"description\"  style=\"color:#747474; font-weight:300; font-size:18px; \">\n            BerufsakademieRheinMain        <\/div>\n    <\/div>\n\n            <div class=\"button\" >\n            <a class=\"btn\" href=\"https:\/\/www.facebook.com\/BerufsakademieRheinMain\/\"\n                 title='Externer Link zur Facebook-Gruppe.'>\n                Externer Link zur Facebook-Gruppe.            <\/a>\n        <\/div>\n    \n<\/div>\n<\/div>\n[\/vc_column_inner][vc_column_inner width=&#8221;1\/2&#8243;]<div class=\"bp-element bp-element-icon-box  normal   layout-1  icon-default text-center style-1 layout-6-default \"    >\n\t\n<div class=\"icon-box type-icon\">\n    <div class=\"icon-image \" >\n                    <i class=\"fab fa-instagram\"  style=\"font-size: 400px; color:#e7bc41; \"><\/i>\n            <\/div>\n\n    <div class=\"content\" >\n\t\t        <h3 class=\"title\"  style=\"color:#292929; font-size:21px; font-weight:500; margin:27px 0 14px 0; \">\n\t\t        <a class=\"bp-element-hover\" href=\"https:\/\/www.instagram.com\/ba_rheinmain\/\"\n           data-hover=\"\"\n\t\t\t title='Externer Link zum Instagram-Kanal.' >\n\t\t\t\n\t\t\tINSTAGRAM\n\t\t\t        <\/a>\n\t    <\/h3>\n\n        <div class=\"description\"  style=\"color:#747474; font-weight:300; font-size:18px; \">\n            ba_rheinmain        <\/div>\n    <\/div>\n\n            <div class=\"button\" >\n            <a class=\"btn\" href=\"https:\/\/www.instagram.com\/ba_rheinmain\/\"\n                 title='Externer Link zum Instagram-Kanal.'>\n                Externer Link zum Instagram-Kanal.            <\/a>\n        <\/div>\n    \n<\/div>\n<\/div>\n[\/vc_column_inner][\/vc_row_inner][\/vc_column][\/vc_row]<\/p>\n<input class=\"fooboxshare_post_id\" type=\"hidden\" value=\"43\"\/>","protected":false},"excerpt":{"rendered":"<p>[vc_row css=&#8221;.vc_custom_1539713977408{border-bottom-width: 1px !important;padding-top: 98px !important;padding-bottom: 110px !important;border-bottom-color: rgba(124,124,124,0.2) !important;border-bottom-style: solid !important;}&#8221;][vc_column][vc_row_inner el_class=&#8221;content-area&#8221;][vc_column_inner el_class=&#8221;custom-col&#8221; width=&#8221;1\/2&#8243;][\/vc_column_inner][vc_column_inner el_class=&#8221;custom-col&#8221; width=&#8221;1\/2&#8243; css=&#8221;.vc_custom_1539713286688{border-right-width: 1px !important;border-left-width:&#8230;<\/p>\n","protected":false},"author":1,"featured_media":0,"parent":0,"menu_order":0,"comment_status":"closed","ping_status":"closed","template":"","meta":{"ngg_post_thumbnail":0},"folder":[140],"_links":{"self":[{"href":"https:\/\/kunden.mymsdesign.de\/barm\/wp-json\/wp\/v2\/pages\/43"}],"collection":[{"href":"https:\/\/kunden.mymsdesign.de\/barm\/wp-json\/wp\/v2\/pages"}],"about":[{"href":"https:\/\/kunden.mymsdesign.de\/barm\/wp-json\/wp\/v2\/types\/page"}],"author":[{"embeddable":true,"href":"https:\/\/kunden.mymsdesign.de\/barm\/wp-json\/wp\/v2\/users\/1"}],"replies":[{"embeddable":true,"href":"https:\/\/kunden.mymsdesign.de\/barm\/wp-json\/wp\/v2\/comments?post=43"}],"version-history":[{"count":78,"href":"https:\/\/kunden.mymsdesign.de\/barm\/wp-json\/wp\/v2\/pages\/43\/revisions"}],"predecessor-version":[{"id":4692,"href":"https:\/\/kunden.mymsdesign.de\/barm\/wp-json\/wp\/v2\/pages\/43\/revisions\/4692"}],"wp:attachment":[{"href":"https:\/\/kunden.mymsdesign.de\/barm\/wp-json\/wp\/v2\/media?parent=43"}],"wp:term":[{"taxonomy":"folder","embeddable":true,"href":"https:\/\/kunden.mymsdesign.de\/barm\/wp-json\/wp\/v2\/folder?post=43"}],"curies":[{"name":"wp","href":"https:\/\/api.w.org\/{rel}","templated":true}]}}