{"id":4802,"date":"2022-06-29T21:24:14","date_gmt":"2022-06-29T19:24:14","guid":{"rendered":"https:\/\/kunden.mymsdesign.de\/barm\/?page_id=4802"},"modified":"2022-06-29T21:56:53","modified_gmt":"2022-06-29T19:56:53","slug":"schon-waehrend-des-studiums-geld-verdienen","status":"publish","type":"page","link":"https:\/\/kunden.mymsdesign.de\/barm\/schon-waehrend-des-studiums-geld-verdienen\/","title":{"rendered":"Schon w\u00e4hrend des Studiums Geld verdienen"},"content":{"rendered":"<p>[vc_row][vc_column]\n<div class=\"bp-element bp-element-heading  align-left layout-1  \" >\n    \t<h3 class=\"title\"  style=\"text-transform:none; \">\n\tSchon w\u00e4hrend des Studiums Geld verdienen\t<\/h3>\n\n\n\n<\/div>[vc_column_text]Ein Vorteil, der im Zusammenhang mit dem dualen Studium oft in Verbindung gebracht wird, ist, dass der Studierende von Anfang an Geld verdient.<\/p>\n<p>Und in der Tat wird beim dualen Studium, im Gegensatz zum klassischen Studium, in der Regel von Beginn an eine monatliche Verg\u00fctung vom Partnerunternehmen gezahlt \u2013 sogar w\u00e4hrend der Theoriephasen an der BerufsAkademie!<\/p>\n<p>Die Studienkosten wie beispielsweise Lehrmaterial, eine eigene Wohnung, etc. lassen sich so leichter finanzieren. Die H\u00f6he des Gehalts wird im Ausbildungs- bzw. Praxisvertrag festgehalten und ist von verschiedenen Faktoren wie beispielsweise unter anderem das Studienfach, die Branche und die Unternehmensgr\u00f6\u00dfe abh\u00e4ngig.[\/vc_column_text][\/vc_column][\/vc_row]<\/p>\n<input class=\"fooboxshare_post_id\" type=\"hidden\" value=\"4802\"\/>","protected":false},"excerpt":{"rendered":"<p>[vc_row][vc_column][vc_column_text]Ein Vorteil, der im Zusammenhang mit dem dualen Studium oft in Verbindung gebracht wird, ist, dass der Studierende von Anfang&#8230;<\/p>\n","protected":false},"author":1,"featured_media":0,"parent":0,"menu_order":0,"comment_status":"closed","ping_status":"closed","template":"..\/public\/views\/revslider-page-template.php","meta":{"ngg_post_thumbnail":0},"folder":[134],"_links":{"self":[{"href":"https:\/\/kunden.mymsdesign.de\/barm\/wp-json\/wp\/v2\/pages\/4802"}],"collection":[{"href":"https:\/\/kunden.mymsdesign.de\/barm\/wp-json\/wp\/v2\/pages"}],"about":[{"href":"https:\/\/kunden.mymsdesign.de\/barm\/wp-json\/wp\/v2\/types\/page"}],"author":[{"embeddable":true,"href":"https:\/\/kunden.mymsdesign.de\/barm\/wp-json\/wp\/v2\/users\/1"}],"replies":[{"embeddable":true,"href":"https:\/\/kunden.mymsdesign.de\/barm\/wp-json\/wp\/v2\/comments?post=4802"}],"version-history":[{"count":5,"href":"https:\/\/kunden.mymsdesign.de\/barm\/wp-json\/wp\/v2\/pages\/4802\/revisions"}],"predecessor-version":[{"id":4821,"href":"https:\/\/kunden.mymsdesign.de\/barm\/wp-json\/wp\/v2\/pages\/4802\/revisions\/4821"}],"wp:attachment":[{"href":"https:\/\/kunden.mymsdesign.de\/barm\/wp-json\/wp\/v2\/media?parent=4802"}],"wp:term":[{"taxonomy":"folder","embeddable":true,"href":"https:\/\/kunden.mymsdesign.de\/barm\/wp-json\/wp\/v2\/folder?post=4802"}],"curies":[{"name":"wp","href":"https:\/\/api.w.org\/{rel}","templated":true}]}}