{"id":4808,"date":"2022-06-29T21:51:46","date_gmt":"2022-06-29T19:51:46","guid":{"rendered":"https:\/\/kunden.mymsdesign.de\/barm\/?page_id=4808"},"modified":"2022-06-29T21:56:26","modified_gmt":"2022-06-29T19:56:26","slug":"hohe-lernqualitaet-fuer-beste-berufliche-perspektiven","status":"publish","type":"page","link":"https:\/\/kunden.mymsdesign.de\/barm\/hohe-lernqualitaet-fuer-beste-berufliche-perspektiven\/","title":{"rendered":"Hohe Lernqualit\u00e4t f\u00fcr beste berufliche Perspektiven"},"content":{"rendered":"<p>[vc_row][vc_column]\n<div class=\"bp-element bp-element-heading  align-left layout-1  \" >\n    \t<h3 class=\"title\"  style=\"text-transform:none; \">\n\tHohe Lernqualit\u00e4t f\u00fcr beste berufliche Perspektiven\t<\/h3>\n\n\n\n<\/div>[vc_column_text]Langweiliges Auswendiglernen von Theorie gibt es an der BA nicht: Hochqualifizierte Dozenten aus der Wirtschaft bieten besonders praxisnahe Vorlesungen mit zahlreichen Beispielen aus dem beruflichen Alltag.<\/p>\n<p>Dieses praxisnahe Lernen erleichtert das Verst\u00e4ndnis und erh\u00f6ht die Vorlesungsqualit\u00e4t. Das duale System erm\u00f6glicht zudem, dass das erlernte theoretische Wissen dann in den Praxisphasen im Unternehmen direkt angewendet werden kann.<\/p>\n<p>Kleine Studiengruppen bieten dar\u00fcber hinaus den Vorteil, dass in Vorlesungen individuell auf R\u00fcckfragen eingegangen werden kann, was wiederum einen h\u00f6heren Lernerfolg gew\u00e4hrleistet.<\/p>\n<p>Diese Kombination aus qualitativ hochwertigem theoretischen Wissen aus den Vorlesungen an der BA in Erg\u00e4nzung durch die zus\u00e4tzliche praktische Erfahrung aus den Praxisphasen in den Partnerunternehmen schafft einen deutlichen Karrierevorteil![\/vc_column_text][\/vc_column][\/vc_row]<\/p>\n<input class=\"fooboxshare_post_id\" type=\"hidden\" value=\"4808\"\/>","protected":false},"excerpt":{"rendered":"<p>[vc_row][vc_column][vc_column_text]Langweiliges Auswendiglernen von Theorie gibt es an der BA nicht: Hochqualifizierte Dozenten aus der Wirtschaft bieten besonders praxisnahe Vorlesungen mit&#8230;<\/p>\n","protected":false},"author":1,"featured_media":0,"parent":0,"menu_order":0,"comment_status":"closed","ping_status":"closed","template":"..\/public\/views\/revslider-page-template.php","meta":{"ngg_post_thumbnail":0},"folder":[134],"_links":{"self":[{"href":"https:\/\/kunden.mymsdesign.de\/barm\/wp-json\/wp\/v2\/pages\/4808"}],"collection":[{"href":"https:\/\/kunden.mymsdesign.de\/barm\/wp-json\/wp\/v2\/pages"}],"about":[{"href":"https:\/\/kunden.mymsdesign.de\/barm\/wp-json\/wp\/v2\/types\/page"}],"author":[{"embeddable":true,"href":"https:\/\/kunden.mymsdesign.de\/barm\/wp-json\/wp\/v2\/users\/1"}],"replies":[{"embeddable":true,"href":"https:\/\/kunden.mymsdesign.de\/barm\/wp-json\/wp\/v2\/comments?post=4808"}],"version-history":[{"count":3,"href":"https:\/\/kunden.mymsdesign.de\/barm\/wp-json\/wp\/v2\/pages\/4808\/revisions"}],"predecessor-version":[{"id":4820,"href":"https:\/\/kunden.mymsdesign.de\/barm\/wp-json\/wp\/v2\/pages\/4808\/revisions\/4820"}],"wp:attachment":[{"href":"https:\/\/kunden.mymsdesign.de\/barm\/wp-json\/wp\/v2\/media?parent=4808"}],"wp:term":[{"taxonomy":"folder","embeddable":true,"href":"https:\/\/kunden.mymsdesign.de\/barm\/wp-json\/wp\/v2\/folder?post=4808"}],"curies":[{"name":"wp","href":"https:\/\/api.w.org\/{rel}","templated":true}]}}