{"id":4812,"date":"2022-06-29T21:53:58","date_gmt":"2022-06-29T19:53:58","guid":{"rendered":"https:\/\/kunden.mymsdesign.de\/barm\/?page_id=4812"},"modified":"2022-06-29T21:55:56","modified_gmt":"2022-06-29T19:55:56","slug":"karrierevorteil-theoretisches-wissen-direkt-in-der-praxis-festigen","status":"publish","type":"page","link":"https:\/\/kunden.mymsdesign.de\/barm\/karrierevorteil-theoretisches-wissen-direkt-in-der-praxis-festigen\/","title":{"rendered":"Karrierevorteil: Theoretisches Wissen direkt in der Praxis festigen"},"content":{"rendered":"<p>[vc_row][vc_column]\n<div class=\"bp-element bp-element-heading  align-left layout-1  \" >\n    \t<h3 class=\"title\"  style=\"text-transform:none; \">\n\tKarrierevorteil: Theoretisches Wissen direkt in der Praxis festigen\t<\/h3>\n\n\n\n<\/div>[vc_column_text]Der Praxisbezug ist f\u00fcr Viele der wohl gr\u00f6\u00dfte Pluspunkt im dualen Studium. Nicht nur Unternehmen sch\u00e4tzen heutzutage, wenn ein Absolvent neben qualitativ hochwertigem theoretischem Wissen direkt auch praktische anwendungsorientierte Erfahrung mitbringt.<\/p>\n<p>Auch f\u00fcr die Studierenden bietet die Kombination von Theorie und Praxis einen enormen Karrierevorteil! Denn wer dual studiert, sammelt bereits w\u00e4hrend des Studiums wertvolle erste Berufserfahrung.<\/p>\n<p>Das duale System erm\u00f6glicht den Wechsel zwischen Theoriephasen an der Berufsakademie und Praxisphasen im Unternehmen in regelm\u00e4\u00dfigen Abst\u00e4nden von zwei Monaten in den Wirtschaftswissenschaften und drei Monaten in der Informationstechnologie.<\/p>\n<p>Durch diesen Wechsel kann das theoretische Wissen, was in den Vorlesungen erlernt wird, direkt in den praktischen Phasen im Unternehmen angewandt werden. Das sorgt f\u00fcr gefestigtes Wissen, Abwechslung und motiviert zus\u00e4tzlich.[\/vc_column_text][\/vc_column][\/vc_row]<\/p>\n<input class=\"fooboxshare_post_id\" type=\"hidden\" value=\"4812\"\/>","protected":false},"excerpt":{"rendered":"<p>[vc_row][vc_column][vc_column_text]Der Praxisbezug ist f\u00fcr Viele der wohl gr\u00f6\u00dfte Pluspunkt im dualen Studium. Nicht nur Unternehmen sch\u00e4tzen heutzutage, wenn ein Absolvent&#8230;<\/p>\n","protected":false},"author":1,"featured_media":0,"parent":0,"menu_order":0,"comment_status":"closed","ping_status":"closed","template":"..\/public\/views\/revslider-page-template.php","meta":{"ngg_post_thumbnail":0},"folder":[134],"_links":{"self":[{"href":"https:\/\/kunden.mymsdesign.de\/barm\/wp-json\/wp\/v2\/pages\/4812"}],"collection":[{"href":"https:\/\/kunden.mymsdesign.de\/barm\/wp-json\/wp\/v2\/pages"}],"about":[{"href":"https:\/\/kunden.mymsdesign.de\/barm\/wp-json\/wp\/v2\/types\/page"}],"author":[{"embeddable":true,"href":"https:\/\/kunden.mymsdesign.de\/barm\/wp-json\/wp\/v2\/users\/1"}],"replies":[{"embeddable":true,"href":"https:\/\/kunden.mymsdesign.de\/barm\/wp-json\/wp\/v2\/comments?post=4812"}],"version-history":[{"count":7,"href":"https:\/\/kunden.mymsdesign.de\/barm\/wp-json\/wp\/v2\/pages\/4812\/revisions"}],"predecessor-version":[{"id":4819,"href":"https:\/\/kunden.mymsdesign.de\/barm\/wp-json\/wp\/v2\/pages\/4812\/revisions\/4819"}],"wp:attachment":[{"href":"https:\/\/kunden.mymsdesign.de\/barm\/wp-json\/wp\/v2\/media?parent=4812"}],"wp:term":[{"taxonomy":"folder","embeddable":true,"href":"https:\/\/kunden.mymsdesign.de\/barm\/wp-json\/wp\/v2\/folder?post=4812"}],"curies":[{"name":"wp","href":"https:\/\/api.w.org\/{rel}","templated":true}]}}