{"id":4824,"date":"2022-06-29T21:58:39","date_gmt":"2022-06-29T19:58:39","guid":{"rendered":"https:\/\/kunden.mymsdesign.de\/barm\/?page_id=4824"},"modified":"2022-06-29T21:58:39","modified_gmt":"2022-06-29T19:58:39","slug":"ueber-140-partnerunternehmen-fuer-die-praxisphasen","status":"publish","type":"page","link":"https:\/\/kunden.mymsdesign.de\/barm\/ueber-140-partnerunternehmen-fuer-die-praxisphasen\/","title":{"rendered":"\u00dcber 140 Partnerunternehmen f\u00fcr die Praxisphasen"},"content":{"rendered":"<p>[vc_row][vc_column]\n<div class=\"bp-element bp-element-heading  align-left layout-1  \" >\n    \t<h3 class=\"title\"  style=\"text-transform:none; \">\n\t\u00dcber 140 Partnerunternehmen f\u00fcr die Praxisphasen\t<\/h3>\n\n\n\n<\/div>[vc_column_text]Die BerufsAkademie arbeitet mit mehr als 140 regional, national sowie international t\u00e4tigen Partnerunternehmen zusammen. Diese w\u00e4hlen ihre Studierenden selbst im Bewerbungsprozess aus und \u00fcbernehmen w\u00e4hrend des Studiums den praxisorientierten Teil.<\/p>\n<p>Ein duales Studium lohnt sich f\u00fcr die Partnerunternehmen sowie auch f\u00fcr die Studierenden. Unternehmen bieten duale Studienpl\u00e4tze in erster Linie an, um qualifizierte Nachwuchsf\u00fchrungskr\u00e4fte f\u00fcr den eigenen Betrieb auszubilden und von Anfang an an sich zu binden. Im Laufe des Studiums investieren die Partnerunternehmen viel in die Ausbildung der Studierenden, daher haben sie ein gro\u00dfes Interesse daran, die Studierenden nach Abschluss des Studiums an sich zu binden und fest einzustellen.<\/p>\n<p>Im Rahmen des dualen Studiums wird f\u00fcr die gesamte Studiendauer durchg\u00e4ngig ein monatliches Gehalt gezahlt. Wie hoch dieses ist, ist von Partnerunternehmen zu Partnerunternehmen unterschiedlich und h\u00e4ngt von diversen Faktoren ab.<\/p>\n<p>Freie Studienpl\u00e4tze der Partnerunternehmen sind auf der BA-Webseite ausgeschrieben. \u00dcber das BA-Bewerberportal k\u00f6nnen sich Studieninteressierte direkt bei den Partnerunternehmen bewerben. Sollten Sie Unterst\u00fctzung ben\u00f6tigen oder Fragen haben, helfen wir selbstverst\u00e4ndlich gerne. Kontaktieren Sie hierzu Frau Meike Hoth-Schill per E-Mail unter <a href=\"mailto:meike.hoth-schill@ba-rm.de\">meike.hoth-schill@ba-rm.de<\/a> oder unter 06074 \u2013 31 01 126[\/vc_column_text][\/vc_column][\/vc_row]<\/p>\n<input class=\"fooboxshare_post_id\" type=\"hidden\" value=\"4824\"\/>","protected":false},"excerpt":{"rendered":"<p>[vc_row][vc_column][vc_column_text]Die BerufsAkademie arbeitet mit mehr als 140 regional, national sowie international t\u00e4tigen Partnerunternehmen zusammen. Diese w\u00e4hlen ihre Studierenden selbst im&#8230;<\/p>\n","protected":false},"author":1,"featured_media":0,"parent":0,"menu_order":0,"comment_status":"closed","ping_status":"closed","template":"..\/public\/views\/revslider-page-template.php","meta":{"ngg_post_thumbnail":0},"folder":[134],"_links":{"self":[{"href":"https:\/\/kunden.mymsdesign.de\/barm\/wp-json\/wp\/v2\/pages\/4824"}],"collection":[{"href":"https:\/\/kunden.mymsdesign.de\/barm\/wp-json\/wp\/v2\/pages"}],"about":[{"href":"https:\/\/kunden.mymsdesign.de\/barm\/wp-json\/wp\/v2\/types\/page"}],"author":[{"embeddable":true,"href":"https:\/\/kunden.mymsdesign.de\/barm\/wp-json\/wp\/v2\/users\/1"}],"replies":[{"embeddable":true,"href":"https:\/\/kunden.mymsdesign.de\/barm\/wp-json\/wp\/v2\/comments?post=4824"}],"version-history":[{"count":1,"href":"https:\/\/kunden.mymsdesign.de\/barm\/wp-json\/wp\/v2\/pages\/4824\/revisions"}],"predecessor-version":[{"id":4825,"href":"https:\/\/kunden.mymsdesign.de\/barm\/wp-json\/wp\/v2\/pages\/4824\/revisions\/4825"}],"wp:attachment":[{"href":"https:\/\/kunden.mymsdesign.de\/barm\/wp-json\/wp\/v2\/media?parent=4824"}],"wp:term":[{"taxonomy":"folder","embeddable":true,"href":"https:\/\/kunden.mymsdesign.de\/barm\/wp-json\/wp\/v2\/folder?post=4824"}],"curies":[{"name":"wp","href":"https:\/\/api.w.org\/{rel}","templated":true}]}}