{"id":4826,"date":"2022-06-29T21:59:18","date_gmt":"2022-06-29T19:59:18","guid":{"rendered":"https:\/\/kunden.mymsdesign.de\/barm\/?page_id=4826"},"modified":"2022-07-02T11:14:28","modified_gmt":"2022-07-02T09:14:28","slug":"staatlich-anerkannter-abschluss","status":"publish","type":"page","link":"https:\/\/kunden.mymsdesign.de\/barm\/staatlich-anerkannter-abschluss\/","title":{"rendered":"Staatlich anerkannter Abschluss"},"content":{"rendered":"<p>[vc_row][vc_column]\n<div class=\"bp-element bp-element-heading  align-left layout-1  \" >\n    \t<h3 class=\"title\"  style=\"text-transform:none; \">\n\tStaatlich anerkannter Abschluss\t<\/h3>\n\n\n\n<\/div>[vc_column_text]Die BerufsAkademie Rhein-Main ist staatlich anerkannt und die Studieng\u00e4nge sind akkreditiert. Der Bachelor-Abschluss der BA ist somit hochschulrechtlich Bachelor-Abschl\u00fcssen von Hochschulen gleichgestellt. Das duale Studium schlie\u00dft nach drei Jahren mit dem Bachelor of Science ab.[\/vc_column_text][\/vc_column][\/vc_row]<\/p>\n<input class=\"fooboxshare_post_id\" type=\"hidden\" value=\"4826\"\/>","protected":false},"excerpt":{"rendered":"<p>[vc_row][vc_column][vc_column_text]Die BerufsAkademie Rhein-Main ist staatlich anerkannt und die Studieng\u00e4nge sind akkreditiert. Der Bachelor-Abschluss der BA ist somit hochschulrechtlich Bachelor-Abschl\u00fcssen von&#8230;<\/p>\n","protected":false},"author":1,"featured_media":0,"parent":0,"menu_order":0,"comment_status":"closed","ping_status":"closed","template":"..\/public\/views\/revslider-page-template.php","meta":{"ngg_post_thumbnail":0},"folder":[134],"_links":{"self":[{"href":"https:\/\/kunden.mymsdesign.de\/barm\/wp-json\/wp\/v2\/pages\/4826"}],"collection":[{"href":"https:\/\/kunden.mymsdesign.de\/barm\/wp-json\/wp\/v2\/pages"}],"about":[{"href":"https:\/\/kunden.mymsdesign.de\/barm\/wp-json\/wp\/v2\/types\/page"}],"author":[{"embeddable":true,"href":"https:\/\/kunden.mymsdesign.de\/barm\/wp-json\/wp\/v2\/users\/1"}],"replies":[{"embeddable":true,"href":"https:\/\/kunden.mymsdesign.de\/barm\/wp-json\/wp\/v2\/comments?post=4826"}],"version-history":[{"count":2,"href":"https:\/\/kunden.mymsdesign.de\/barm\/wp-json\/wp\/v2\/pages\/4826\/revisions"}],"predecessor-version":[{"id":4909,"href":"https:\/\/kunden.mymsdesign.de\/barm\/wp-json\/wp\/v2\/pages\/4826\/revisions\/4909"}],"wp:attachment":[{"href":"https:\/\/kunden.mymsdesign.de\/barm\/wp-json\/wp\/v2\/media?parent=4826"}],"wp:term":[{"taxonomy":"folder","embeddable":true,"href":"https:\/\/kunden.mymsdesign.de\/barm\/wp-json\/wp\/v2\/folder?post=4826"}],"curies":[{"name":"wp","href":"https:\/\/api.w.org\/{rel}","templated":true}]}}