{"id":4832,"date":"2022-06-29T22:03:09","date_gmt":"2022-06-29T20:03:09","guid":{"rendered":"https:\/\/kunden.mymsdesign.de\/barm\/?page_id=4832"},"modified":"2022-06-29T22:03:09","modified_gmt":"2022-06-29T20:03:09","slug":"studiengebuehren","status":"publish","type":"page","link":"https:\/\/kunden.mymsdesign.de\/barm\/studiengebuehren\/","title":{"rendered":"Studiengeb\u00fchren"},"content":{"rendered":"<p>[vc_row][vc_column]\n<div class=\"bp-element bp-element-heading  align-left layout-1  \" >\n    \t<h3 class=\"title\"  style=\"text-transform:none; \">\n\tStudiengeb\u00fchren\t<\/h3>\n\n\n\n<\/div>[vc_column_text]Die Studiengeb\u00fchren betragen Euro 300,-\/Monat. Ein Gro\u00dfteil unserer Partnerunternehmen finanziert das Studium seiner dualen Studenten oder beteiligt sich an den Studiengeb\u00fchren. Die H\u00f6he des Gehalts wird im Ausbildungs- bzw. Praxisvertrag festgehalten und ist von verschiedenen Faktoren wie beispielsweise unter anderem das Studienfach, die Branche und die Unternehmensgr\u00f6\u00dfe abh\u00e4ngig.<\/p>\n<p>Nur in seltenen F\u00e4llen finanziert der Student sein Studium selbst.[\/vc_column_text][\/vc_column][\/vc_row]<\/p>\n<input class=\"fooboxshare_post_id\" type=\"hidden\" value=\"4832\"\/>","protected":false},"excerpt":{"rendered":"<p>[vc_row][vc_column][vc_column_text]Die Studiengeb\u00fchren betragen Euro 300,-\/Monat. Ein Gro\u00dfteil unserer Partnerunternehmen finanziert das Studium seiner dualen Studenten oder beteiligt sich an den&#8230;<\/p>\n","protected":false},"author":1,"featured_media":0,"parent":0,"menu_order":0,"comment_status":"closed","ping_status":"closed","template":"..\/public\/views\/revslider-page-template.php","meta":{"ngg_post_thumbnail":0},"folder":[135],"_links":{"self":[{"href":"https:\/\/kunden.mymsdesign.de\/barm\/wp-json\/wp\/v2\/pages\/4832"}],"collection":[{"href":"https:\/\/kunden.mymsdesign.de\/barm\/wp-json\/wp\/v2\/pages"}],"about":[{"href":"https:\/\/kunden.mymsdesign.de\/barm\/wp-json\/wp\/v2\/types\/page"}],"author":[{"embeddable":true,"href":"https:\/\/kunden.mymsdesign.de\/barm\/wp-json\/wp\/v2\/users\/1"}],"replies":[{"embeddable":true,"href":"https:\/\/kunden.mymsdesign.de\/barm\/wp-json\/wp\/v2\/comments?post=4832"}],"version-history":[{"count":1,"href":"https:\/\/kunden.mymsdesign.de\/barm\/wp-json\/wp\/v2\/pages\/4832\/revisions"}],"predecessor-version":[{"id":4833,"href":"https:\/\/kunden.mymsdesign.de\/barm\/wp-json\/wp\/v2\/pages\/4832\/revisions\/4833"}],"wp:attachment":[{"href":"https:\/\/kunden.mymsdesign.de\/barm\/wp-json\/wp\/v2\/media?parent=4832"}],"wp:term":[{"taxonomy":"folder","embeddable":true,"href":"https:\/\/kunden.mymsdesign.de\/barm\/wp-json\/wp\/v2\/folder?post=4832"}],"curies":[{"name":"wp","href":"https:\/\/api.w.org\/{rel}","templated":true}]}}