{"id":4838,"date":"2022-06-29T22:06:19","date_gmt":"2022-06-29T20:06:19","guid":{"rendered":"https:\/\/kunden.mymsdesign.de\/barm\/?page_id=4838"},"modified":"2022-06-29T22:10:21","modified_gmt":"2022-06-29T20:10:21","slug":"bewerbung-studienstart","status":"publish","type":"page","link":"https:\/\/kunden.mymsdesign.de\/barm\/bewerbung-studienstart\/","title":{"rendered":"Bewerbung &#038; Studienstart"},"content":{"rendered":"<p>[vc_row][vc_column]\n<div class=\"bp-element bp-element-heading  align-left layout-1  \" >\n    \t<h3 class=\"title\"  style=\"text-transform:none; \">\n\tBewerbung &amp; Studienstart\t<\/h3>\n\n\n\n<\/div>[vc_column_text]F\u00fcr jedes Studienjahr werden von unseren Partnerunternehmen zahlreiche Studienpl\u00e4tze f\u00fcr die verschiedenen Studieng\u00e4nge ausgeschrieben.<\/p>\n<p>Dank unseres Studienplatz-Portals ist Bewerben so einfach, wie noch nie!<\/p>\n<p>Auf dem Studienplatz-Portal findest Du alle freien Studienpl\u00e4tze, die unsere Partnerunternehmen ausgeschrieben haben &#8211; Selbstverst\u00e4ndlich gibt es die M\u00f6glichkeit, verschiedene Filter zu nutzen \u2013 u.a. nach dem Wunsch-Studiengang und der Wunsch-Branchenvertiefung.<\/p>\n<p>Gerne unterst\u00fctzen wir Dich noch intensiver in Deinem Bewerbungsprozess: Sende uns hierf\u00fcr Deine Bewerbung per E-Mail an meike.hoth-schill@ba-rm.de. Wir werden Deine Bewerbung pr\u00fcfen und in gemeinsamer Absprache je nach Wunsch und M\u00f6glichkeit danach an Partnerunternehmen weiterleiten, die aktuell noch nicht ausgeschrieben haben, von denen wir jedoch wissen, dass sie in absehbarer Zeit eine Stellenausschreibung planen.<\/p>\n<p>Ein besonderes Highlight f\u00fcr diejenigen, die noch einen Studienplatz suchen: Die Berufsakademie Rhein-Main veranstaltet mehrmals j\u00e4hrlich einen Speed-Dating-Bewerbertag mit gro\u00dfer Studienplatzb\u00f6rse. Bei diesem Event k\u00f6nnen Bewerber unsere Partnerunternehmen in Verbindung mit einem Tag der offenen T\u00fcr kennenlernen, erste Bewerbungsgespr\u00e4che in lockerer Atmosph\u00e4re f\u00fchren und sich so ggf. einen Studienplatz sichern. Die n\u00e4chsten Termine findest Du auf unserer Website <a href=\"http:\/\/www.ba-rm.de\">www.ba-rm.de<\/a><\/p>\n<p>Ist der Studienvertrag dann unterzeichnet, beginnt das Studium jeweils zum Oktober eines jeden Jahres.<br \/>\n[\/vc_column_text][\/vc_column][\/vc_row]<\/p>\n<input class=\"fooboxshare_post_id\" type=\"hidden\" value=\"4838\"\/>","protected":false},"excerpt":{"rendered":"<p>[vc_row][vc_column][vc_column_text]F\u00fcr jedes Studienjahr werden von unseren Partnerunternehmen zahlreiche Studienpl\u00e4tze f\u00fcr die verschiedenen Studieng\u00e4nge ausgeschrieben. Dank unseres Studienplatz-Portals ist Bewerben so&#8230;<\/p>\n","protected":false},"author":1,"featured_media":0,"parent":0,"menu_order":0,"comment_status":"closed","ping_status":"closed","template":"..\/public\/views\/revslider-page-template.php","meta":{"ngg_post_thumbnail":0},"folder":[135],"_links":{"self":[{"href":"https:\/\/kunden.mymsdesign.de\/barm\/wp-json\/wp\/v2\/pages\/4838"}],"collection":[{"href":"https:\/\/kunden.mymsdesign.de\/barm\/wp-json\/wp\/v2\/pages"}],"about":[{"href":"https:\/\/kunden.mymsdesign.de\/barm\/wp-json\/wp\/v2\/types\/page"}],"author":[{"embeddable":true,"href":"https:\/\/kunden.mymsdesign.de\/barm\/wp-json\/wp\/v2\/users\/1"}],"replies":[{"embeddable":true,"href":"https:\/\/kunden.mymsdesign.de\/barm\/wp-json\/wp\/v2\/comments?post=4838"}],"version-history":[{"count":1,"href":"https:\/\/kunden.mymsdesign.de\/barm\/wp-json\/wp\/v2\/pages\/4838\/revisions"}],"predecessor-version":[{"id":4839,"href":"https:\/\/kunden.mymsdesign.de\/barm\/wp-json\/wp\/v2\/pages\/4838\/revisions\/4839"}],"wp:attachment":[{"href":"https:\/\/kunden.mymsdesign.de\/barm\/wp-json\/wp\/v2\/media?parent=4838"}],"wp:term":[{"taxonomy":"folder","embeddable":true,"href":"https:\/\/kunden.mymsdesign.de\/barm\/wp-json\/wp\/v2\/folder?post=4838"}],"curies":[{"name":"wp","href":"https:\/\/api.w.org\/{rel}","templated":true}]}}