{"id":4840,"date":"2022-06-29T22:14:06","date_gmt":"2022-06-29T20:14:06","guid":{"rendered":"https:\/\/kunden.mymsdesign.de\/barm\/?page_id=4840"},"modified":"2022-06-29T22:14:06","modified_gmt":"2022-06-29T20:14:06","slug":"freie-studienplaetze-gleich-bewerben","status":"publish","type":"page","link":"https:\/\/kunden.mymsdesign.de\/barm\/freie-studienplaetze-gleich-bewerben\/","title":{"rendered":"Freie Studienpl\u00e4tze- gleich bewerben!"},"content":{"rendered":"<p>[vc_row][vc_column]\n<div class=\"bp-element bp-element-heading  align-left layout-1  \" >\n    \t<h3 class=\"title\"  style=\"text-transform:none; \">\n\tFreie Studienpl\u00e4tze- gleich bewerben!\t<\/h3>\n\n\n\n<\/div>[vc_column_text]Dank unseres Studienplatz-Portals ist Bewerben so einfach, wie noch nie:<\/p>\n<p>Auf dem Studienplatz-Portal findest Du alle freien Studienpl\u00e4tze, die unsere Partnerunternehmen ausgeschrieben haben &#8211; Selbstverst\u00e4ndlich gibt es die M\u00f6glichkeit, verschiedene Filter zu nutzen \u2013 u.a. nach dem Wunsch-Studiengang und der Wunsch-Branchenvertiefung.<\/p>\n<p>Einfach in die passende Stelle reinklicken, Bewerbungsunterlagen hochladen und schon ist der erste Grundstein f\u00fcr ein pers\u00f6nliches Kennenlernen mit Deinem potenziellen neuen Arbeitgeber gelegt.<\/p>\n<p>Gerne unterst\u00fctzen wir Dich noch intensiver in Deinem Bewerbungsprozess: Sende uns hierf\u00fcr Deine Bewerbung per E-Mail an <a href=\"mailto:meike.hoth-schill@ba-rm.de\">meike.hoth-schill@ba-rm.de<\/a>. Wir werden Deine Bewerbung pr\u00fcfen und in gemeinsamer Absprache je nach Wunsch und M\u00f6glichkeit danach an Partnerunternehmen weiterleiten, die aktuell noch nicht ausgeschrieben haben, von denen wir jedoch wissen, dass sie in absehbarer Zeit eine Stellenausschreibung planen.<br \/>\n[\/vc_column_text]\n<div class=\"bp-element bp-element-button   align-center line-through shape-round icon_alignment-left  line-through\" id='line-through'  style=\" margin: 50px 0px 0px 0px;\" data-class-tablet=\"vc_custom_1656533639473\" data-class-mobile=\"vc_custom_1656533639473\">\n\t\n        <a class=\"btn btn-primary bp-element-hover style-gradient btn-normal \"\n           href=\"https:\/\/kunden.mymsdesign.de\/barm\/freie-studienplaetze-2020\/\"\n\t\t\t style=\" color: #ffffff; font-weight: 400;\"\t\t\t title='Hier findest Du alle freien Studienpl\u00e4tze'           data-hover=\"color: #ffffff;background-color: #e8b21e;\">\n\n\t\t\t\n            <span class=\"inner-text\">Hier findest Du alle freien Studienpl\u00e4tze<\/span>\n        <\/a>\n\t<\/div>[\/vc_column][\/vc_row]<\/p>\n<input class=\"fooboxshare_post_id\" type=\"hidden\" value=\"4840\"\/>","protected":false},"excerpt":{"rendered":"<p>[vc_row][vc_column][vc_column_text]Dank unseres Studienplatz-Portals ist Bewerben so einfach, wie noch nie: Auf dem Studienplatz-Portal findest Du alle freien Studienpl\u00e4tze, die unsere&#8230;<\/p>\n","protected":false},"author":1,"featured_media":0,"parent":0,"menu_order":0,"comment_status":"closed","ping_status":"closed","template":"..\/public\/views\/revslider-page-template.php","meta":{"ngg_post_thumbnail":0},"folder":[136],"_links":{"self":[{"href":"https:\/\/kunden.mymsdesign.de\/barm\/wp-json\/wp\/v2\/pages\/4840"}],"collection":[{"href":"https:\/\/kunden.mymsdesign.de\/barm\/wp-json\/wp\/v2\/pages"}],"about":[{"href":"https:\/\/kunden.mymsdesign.de\/barm\/wp-json\/wp\/v2\/types\/page"}],"author":[{"embeddable":true,"href":"https:\/\/kunden.mymsdesign.de\/barm\/wp-json\/wp\/v2\/users\/1"}],"replies":[{"embeddable":true,"href":"https:\/\/kunden.mymsdesign.de\/barm\/wp-json\/wp\/v2\/comments?post=4840"}],"version-history":[{"count":1,"href":"https:\/\/kunden.mymsdesign.de\/barm\/wp-json\/wp\/v2\/pages\/4840\/revisions"}],"predecessor-version":[{"id":4841,"href":"https:\/\/kunden.mymsdesign.de\/barm\/wp-json\/wp\/v2\/pages\/4840\/revisions\/4841"}],"wp:attachment":[{"href":"https:\/\/kunden.mymsdesign.de\/barm\/wp-json\/wp\/v2\/media?parent=4840"}],"wp:term":[{"taxonomy":"folder","embeddable":true,"href":"https:\/\/kunden.mymsdesign.de\/barm\/wp-json\/wp\/v2\/folder?post=4840"}],"curies":[{"name":"wp","href":"https:\/\/api.w.org\/{rel}","templated":true}]}}