{"id":4845,"date":"2022-06-29T22:17:30","date_gmt":"2022-06-29T20:17:30","guid":{"rendered":"https:\/\/kunden.mymsdesign.de\/barm\/?page_id=4845"},"modified":"2022-06-29T22:21:03","modified_gmt":"2022-06-29T20:21:03","slug":"schul-informationsveranstaltungen","status":"publish","type":"page","link":"https:\/\/kunden.mymsdesign.de\/barm\/schul-informationsveranstaltungen\/","title":{"rendered":"Schul-Informationsveranstaltungen"},"content":{"rendered":"<p>[vc_row][vc_column]\n<div class=\"bp-element bp-element-heading  align-left layout-1  \" >\n    \t<h3 class=\"title\"  style=\"text-transform:none; \">\n\tSchul-Informationsveranstaltungen\t<\/h3>\n\n\n\n<\/div>[vc_column_text]Die Berufsakademie Rhein-Main pflegt einen engen Kontakt zu zahlreichen Schulen aus der Region. Regelm\u00e4\u00dfig finden Informationstermine im Rahmen von Studien- bzw. Berufsinformationstagen statt. Dort informiert das BA-Team die Sch\u00fcler in kurzen Vortr\u00e4gen zu Themen wie Inhalte der dualen Studieng\u00e4nge, Studiendauer, Aufbau des Studiums, Erkl\u00e4rung des Blockmodells, Zulassungsvoraussetzungen sowie Studienverlauf und Studienabschluss.<\/p>\n<p>Regelm\u00e4\u00dfig informieren wir, auf welchen Messen wir zu finden sind. Aktuelle Termine findet ihr <a href=\"https:\/\/kunden.mymsdesign.de\/barm\/fuer-studieninteressierte\/#messetermine\">hier<\/a>.[\/vc_column_text][\/vc_column][\/vc_row]<\/p>\n<input class=\"fooboxshare_post_id\" type=\"hidden\" value=\"4845\"\/>","protected":false},"excerpt":{"rendered":"<p>[vc_row][vc_column][vc_column_text]Die Berufsakademie Rhein-Main pflegt einen engen Kontakt zu zahlreichen Schulen aus der Region. Regelm\u00e4\u00dfig finden Informationstermine im Rahmen von Studien-&#8230;<\/p>\n","protected":false},"author":1,"featured_media":0,"parent":0,"menu_order":0,"comment_status":"closed","ping_status":"closed","template":"..\/public\/views\/revslider-page-template.php","meta":{"ngg_post_thumbnail":0},"folder":[137],"_links":{"self":[{"href":"https:\/\/kunden.mymsdesign.de\/barm\/wp-json\/wp\/v2\/pages\/4845"}],"collection":[{"href":"https:\/\/kunden.mymsdesign.de\/barm\/wp-json\/wp\/v2\/pages"}],"about":[{"href":"https:\/\/kunden.mymsdesign.de\/barm\/wp-json\/wp\/v2\/types\/page"}],"author":[{"embeddable":true,"href":"https:\/\/kunden.mymsdesign.de\/barm\/wp-json\/wp\/v2\/users\/1"}],"replies":[{"embeddable":true,"href":"https:\/\/kunden.mymsdesign.de\/barm\/wp-json\/wp\/v2\/comments?post=4845"}],"version-history":[{"count":5,"href":"https:\/\/kunden.mymsdesign.de\/barm\/wp-json\/wp\/v2\/pages\/4845\/revisions"}],"predecessor-version":[{"id":4851,"href":"https:\/\/kunden.mymsdesign.de\/barm\/wp-json\/wp\/v2\/pages\/4845\/revisions\/4851"}],"wp:attachment":[{"href":"https:\/\/kunden.mymsdesign.de\/barm\/wp-json\/wp\/v2\/media?parent=4845"}],"wp:term":[{"taxonomy":"folder","embeddable":true,"href":"https:\/\/kunden.mymsdesign.de\/barm\/wp-json\/wp\/v2\/folder?post=4845"}],"curies":[{"name":"wp","href":"https:\/\/api.w.org\/{rel}","templated":true}]}}