{"id":4852,"date":"2022-06-29T22:22:54","date_gmt":"2022-06-29T20:22:54","guid":{"rendered":"https:\/\/kunden.mymsdesign.de\/barm\/?page_id=4852"},"modified":"2022-06-29T22:27:44","modified_gmt":"2022-06-29T20:27:44","slug":"online-perspektivabend","status":"publish","type":"page","link":"https:\/\/kunden.mymsdesign.de\/barm\/online-perspektivabend\/","title":{"rendered":"(Online-) Perspektivabend"},"content":{"rendered":"<p>[vc_row][vc_column]\n<div class=\"bp-element bp-element-heading  align-left layout-1  \" >\n    \t<h3 class=\"title\"  style=\"text-transform:none; \">\n\t(Online-) Perspektivabend\t<\/h3>\n\n\n\n<\/div>[vc_column_text]Bei unserem (Online-) Perspektivabend erfahrt ihr alles rund um das duale Studium an der BA Rhein-Main. Das BA-Team stellt an diesem Termin die BA Rhein-Main sowie die dualen Studieng\u00e4nge der BA vor. Zus\u00e4tzlich dazu gibt es eine individuelle Studienberatung sowie Tipps f\u00fcr eine erfolgreiche Bewerbung.<\/p>\n<p>Der (Online-) Perspektivabend findet an jedem ersten Donnerstag im Monat statt. (Eventuelle Abweichungen bitte beachten).<\/p>\n<p>Du m\u00f6chtest am (Online-) Perspektivabend teilnehmen? Dann melde Dich gleich per E-Mail an unter <a href=\"mailto:meike.hoth-schill@ba-rm.de\">meike.hoth-schill@ba-rm.de<\/a> oder telefonisch unter 06074 \u2013 31 01 126<\/p>\n<p>Hier findest Du die n\u00e4chsten <a href=\"https:\/\/kunden.mymsdesign.de\/barm\/fuer-studieninteressierte#messetermine\">Termine<\/a>.[\/vc_column_text][\/vc_column][\/vc_row]<\/p>\n<input class=\"fooboxshare_post_id\" type=\"hidden\" value=\"4852\"\/>","protected":false},"excerpt":{"rendered":"<p>[vc_row][vc_column][vc_column_text]Bei unserem (Online-) Perspektivabend erfahrt ihr alles rund um das duale Studium an der BA Rhein-Main. Das BA-Team stellt an&#8230;<\/p>\n","protected":false},"author":1,"featured_media":0,"parent":0,"menu_order":0,"comment_status":"closed","ping_status":"closed","template":"..\/public\/views\/revslider-page-template.php","meta":{"ngg_post_thumbnail":0},"folder":[137],"_links":{"self":[{"href":"https:\/\/kunden.mymsdesign.de\/barm\/wp-json\/wp\/v2\/pages\/4852"}],"collection":[{"href":"https:\/\/kunden.mymsdesign.de\/barm\/wp-json\/wp\/v2\/pages"}],"about":[{"href":"https:\/\/kunden.mymsdesign.de\/barm\/wp-json\/wp\/v2\/types\/page"}],"author":[{"embeddable":true,"href":"https:\/\/kunden.mymsdesign.de\/barm\/wp-json\/wp\/v2\/users\/1"}],"replies":[{"embeddable":true,"href":"https:\/\/kunden.mymsdesign.de\/barm\/wp-json\/wp\/v2\/comments?post=4852"}],"version-history":[{"count":2,"href":"https:\/\/kunden.mymsdesign.de\/barm\/wp-json\/wp\/v2\/pages\/4852\/revisions"}],"predecessor-version":[{"id":4855,"href":"https:\/\/kunden.mymsdesign.de\/barm\/wp-json\/wp\/v2\/pages\/4852\/revisions\/4855"}],"wp:attachment":[{"href":"https:\/\/kunden.mymsdesign.de\/barm\/wp-json\/wp\/v2\/media?parent=4852"}],"wp:term":[{"taxonomy":"folder","embeddable":true,"href":"https:\/\/kunden.mymsdesign.de\/barm\/wp-json\/wp\/v2\/folder?post=4852"}],"curies":[{"name":"wp","href":"https:\/\/api.w.org\/{rel}","templated":true}]}}