{"id":4857,"date":"2022-06-29T22:30:02","date_gmt":"2022-06-29T20:30:02","guid":{"rendered":"https:\/\/kunden.mymsdesign.de\/barm\/?page_id=4857"},"modified":"2022-06-29T22:30:02","modified_gmt":"2022-06-29T20:30:02","slug":"speed-dating-tag-der-offenen-tuer-mit-grosser-studienplatzboerse","status":"publish","type":"page","link":"https:\/\/kunden.mymsdesign.de\/barm\/speed-dating-tag-der-offenen-tuer-mit-grosser-studienplatzboerse\/","title":{"rendered":"Speed-Dating &#038; Tag der offenen T\u00fcr mit gro\u00dfer Studienplatzb\u00f6rse"},"content":{"rendered":"<p>[vc_row][vc_column]\n<div class=\"bp-element bp-element-heading  align-left layout-1  \" >\n    \t<h3 class=\"title\"  style=\"text-transform:none; \">\n\tSpeed-Dating &amp; Tag der offenen T\u00fcr mit gro\u00dfer Studienplatzb\u00f6rse\t<\/h3>\n\n\n\n<\/div>[vc_column_text]Die Berufsakademie Rhein-Main veranstaltet mehrmals j\u00e4hrlich einen Speed-Dating \u2013 Bewerbertag mit gro\u00dfer Studienplatzb\u00f6rse.<\/p>\n<p>An diesem besonderen Event k\u00f6nnen Interessenten den gro\u00dfen und modernen Campus der BA kennenlernen, bekommen einen ersten Eindruck, wie das duale Studium funktioniert und haben Gelegenheit, sich mit Studierenden, Unternehmen und dem BA-Team auszutauschen.<\/p>\n<p><strong>Das besondere Highlight an diesem Tag:<\/strong><br \/>\nDie Veranstaltung wird als Speed-Dating bezeichnet, da Interessenten an diesem Tag die M\u00f6glichkeit bekommen, sich im Rahmen einer gro\u00dfen Studienplatzb\u00f6rse bei Partnerunternehmen der Berufsakademie Rhein-Main vorzustellen, sie in kurzen (Speed-) Bewerbungsgespr\u00e4chen in lockerer Atmosph\u00e4re von sich zu \u00fcberzeugen und sich so ggf. direkt an diesem Tag einen Studienplatz zu sichern. Alles zwanglos und in lockerer Atmosph\u00e4re. Viele Bewerber\/innen erhalten ihren dualen Studienplatz \u00fcber diesen unkomplizierten und stressfreien Weg.<\/p>\n<p>Interesse mit dabei zu sein?<\/p>\n<p>Hier findest Du die n\u00e4chsten <a href=\"https:\/\/kunden.mymsdesign.de\/barm\/#events\">Termine<\/a>.[\/vc_column_text][\/vc_column][\/vc_row]<\/p>\n<input class=\"fooboxshare_post_id\" type=\"hidden\" value=\"4857\"\/>","protected":false},"excerpt":{"rendered":"<p>[vc_row][vc_column][vc_column_text]Die Berufsakademie Rhein-Main veranstaltet mehrmals j\u00e4hrlich einen Speed-Dating \u2013 Bewerbertag mit gro\u00dfer Studienplatzb\u00f6rse. An diesem besonderen Event k\u00f6nnen Interessenten den&#8230;<\/p>\n","protected":false},"author":1,"featured_media":0,"parent":0,"menu_order":0,"comment_status":"closed","ping_status":"closed","template":"..\/public\/views\/revslider-page-template.php","meta":{"ngg_post_thumbnail":0},"folder":[137],"_links":{"self":[{"href":"https:\/\/kunden.mymsdesign.de\/barm\/wp-json\/wp\/v2\/pages\/4857"}],"collection":[{"href":"https:\/\/kunden.mymsdesign.de\/barm\/wp-json\/wp\/v2\/pages"}],"about":[{"href":"https:\/\/kunden.mymsdesign.de\/barm\/wp-json\/wp\/v2\/types\/page"}],"author":[{"embeddable":true,"href":"https:\/\/kunden.mymsdesign.de\/barm\/wp-json\/wp\/v2\/users\/1"}],"replies":[{"embeddable":true,"href":"https:\/\/kunden.mymsdesign.de\/barm\/wp-json\/wp\/v2\/comments?post=4857"}],"version-history":[{"count":1,"href":"https:\/\/kunden.mymsdesign.de\/barm\/wp-json\/wp\/v2\/pages\/4857\/revisions"}],"predecessor-version":[{"id":4858,"href":"https:\/\/kunden.mymsdesign.de\/barm\/wp-json\/wp\/v2\/pages\/4857\/revisions\/4858"}],"wp:attachment":[{"href":"https:\/\/kunden.mymsdesign.de\/barm\/wp-json\/wp\/v2\/media?parent=4857"}],"wp:term":[{"taxonomy":"folder","embeddable":true,"href":"https:\/\/kunden.mymsdesign.de\/barm\/wp-json\/wp\/v2\/folder?post=4857"}],"curies":[{"name":"wp","href":"https:\/\/api.w.org\/{rel}","templated":true}]}}