{"id":4867,"date":"2022-06-29T22:36:12","date_gmt":"2022-06-29T20:36:12","guid":{"rendered":"https:\/\/kunden.mymsdesign.de\/barm\/?page_id=4867"},"modified":"2022-06-29T22:36:12","modified_gmt":"2022-06-29T20:36:12","slug":"enger-kontakt-zur-akademieleitung","status":"publish","type":"page","link":"https:\/\/kunden.mymsdesign.de\/barm\/enger-kontakt-zur-akademieleitung\/","title":{"rendered":"Enger Kontakt zur Akademieleitung"},"content":{"rendered":"<p>[vc_row][vc_column]\n<div class=\"bp-element bp-element-heading  align-left layout-1  \" >\n    \t<h3 class=\"title\"  style=\"text-transform:none; \">\n\tEnger Kontakt zur Akademieleitung\t<\/h3>\n\n\n\n<\/div>[vc_column_text]Die N\u00e4he und der regelm\u00e4\u00dfige Austausch mit den Partnerunternehmen liegt der Akademieleitung der BA sehr am Herzen, denn nur so kann eine qualitativ hochwertige und praxisnahe Ausbildung der Studierenden sichergestellt werden, die wiederum auch auf die Bed\u00fcrfnisse der Partnerunternehmen zugeschnitten ist.<\/p>\n<p>Dar\u00fcber hinaus erm\u00f6glicht der regelm\u00e4\u00dfige Austausch zwischen Akademieleitung und Partnerunternehmen, dass man immer gut \u00fcber die Leistungen der Studierenden informiert ist und etwaige Besonderheiten zeitnah besprochen werden k\u00f6nnen. [\/vc_column_text][\/vc_column][\/vc_row]<\/p>\n<input class=\"fooboxshare_post_id\" type=\"hidden\" value=\"4867\"\/>","protected":false},"excerpt":{"rendered":"<p>[vc_row][vc_column][vc_column_text]Die N\u00e4he und der regelm\u00e4\u00dfige Austausch mit den Partnerunternehmen liegt der Akademieleitung der BA sehr am Herzen, denn nur so&#8230;<\/p>\n","protected":false},"author":1,"featured_media":0,"parent":0,"menu_order":0,"comment_status":"closed","ping_status":"closed","template":"..\/public\/views\/revslider-page-template.php","meta":{"ngg_post_thumbnail":0},"folder":[138],"_links":{"self":[{"href":"https:\/\/kunden.mymsdesign.de\/barm\/wp-json\/wp\/v2\/pages\/4867"}],"collection":[{"href":"https:\/\/kunden.mymsdesign.de\/barm\/wp-json\/wp\/v2\/pages"}],"about":[{"href":"https:\/\/kunden.mymsdesign.de\/barm\/wp-json\/wp\/v2\/types\/page"}],"author":[{"embeddable":true,"href":"https:\/\/kunden.mymsdesign.de\/barm\/wp-json\/wp\/v2\/users\/1"}],"replies":[{"embeddable":true,"href":"https:\/\/kunden.mymsdesign.de\/barm\/wp-json\/wp\/v2\/comments?post=4867"}],"version-history":[{"count":1,"href":"https:\/\/kunden.mymsdesign.de\/barm\/wp-json\/wp\/v2\/pages\/4867\/revisions"}],"predecessor-version":[{"id":4868,"href":"https:\/\/kunden.mymsdesign.de\/barm\/wp-json\/wp\/v2\/pages\/4867\/revisions\/4868"}],"wp:attachment":[{"href":"https:\/\/kunden.mymsdesign.de\/barm\/wp-json\/wp\/v2\/media?parent=4867"}],"wp:term":[{"taxonomy":"folder","embeddable":true,"href":"https:\/\/kunden.mymsdesign.de\/barm\/wp-json\/wp\/v2\/folder?post=4867"}],"curies":[{"name":"wp","href":"https:\/\/api.w.org\/{rel}","templated":true}]}}