{"id":4869,"date":"2022-06-29T22:37:46","date_gmt":"2022-06-29T20:37:46","guid":{"rendered":"https:\/\/kunden.mymsdesign.de\/barm\/?page_id=4869"},"modified":"2022-06-29T22:37:46","modified_gmt":"2022-06-29T20:37:46","slug":"bewerben-von-offenen-stellen-auf-messen-schulveranstaltungen-und-der-ba-webseite","status":"publish","type":"page","link":"https:\/\/kunden.mymsdesign.de\/barm\/bewerben-von-offenen-stellen-auf-messen-schulveranstaltungen-und-der-ba-webseite\/","title":{"rendered":"Bewerben von offenen Stellen auf Messen, Schulveranstaltungen und der BA-Webseite"},"content":{"rendered":"<p>[vc_row][vc_column]\n<div class=\"bp-element bp-element-heading  align-left layout-1  \" >\n    \t<h3 class=\"title\"  style=\"text-transform:none; \">\n\tBewerben von offenen Stellen auf Messen, Schulveranstaltungen und der BA-Webseite\t<\/h3>\n\n\n\n<\/div>[vc_column_text]Die BA unterst\u00fctzt ihre Partnerunternehmen bei der Suche nach passenden Kandidaten f\u00fcr die offenen Stellen in gro\u00dfem Ma\u00dfe. Dabei kn\u00fcpft sie an unterschiedlichen Punkten Kontakt zu potenziellen Studieninteressenten.<\/p>\n<p><strong>Schul-Informationsveranstaltungen und Berufs-Informationsmessen<\/strong><br \/>\nDie Berufsakademie Rhein-Main pflegt einen engen Kontakt zu zahlreichen Schulen aus der Region. Regelm\u00e4\u00dfig finden in den Schulen Informationstermine im Rahmen von Studien- bzw. Berufsinformationstagen statt.<\/p>\n<p>Dar\u00fcber hinaus ist die BA auf zahlreichen Studien- und Berufsinformationsmessen \u00fcber das Jahr verteilt vertreten.<\/p>\n<p>In beiden F\u00e4llen informiert das BA-Team Studieninteressenten pers\u00f6nlich und individuell \u00fcber das duale Studium bzw. die dualen Studieng\u00e4ngen der BA aber nat\u00fcrlich auch \u00fcber die offenen Stellen der Partnerunternehmen, die auf der BA-Webseite ausgeschrieben sind.<\/p>\n<p><strong>(Online-) Perspektivabend an der BA Rhein-Main<\/strong><br \/>\nBei unserem (Online-) Perspektivabend erfahren Studieninteressenten alles rund um das duale Studium an der BA Rhein-Main. Das BA-Team stellt an diesem Termin die BA Rhein-Main sowie die dualen Studieng\u00e4nge der BA vor. Zus\u00e4tzlich dazu gibt es Informationen zu den ausgeschriebenen Stellen der Partnerunternehmen, eine individuelle Studienberatung sowie Tipps f\u00fcr eine erfolgreiche Bewerbung.<\/p>\n<p><strong>Speed-Dating &amp; Tag der offenen T\u00fcr mit gro\u00dfer Studienplatzb\u00f6rse<\/strong><br \/>\nEines der wichtigsten und erfolgreichsten Formate ist das so genannte Speed-Dating mit gro\u00dfer Studienplatzb\u00f6rse auf dem Campus der BA, welches mehrmals im Jahr organisiert wird.<\/p>\n<p>An diesem besonderen Event k\u00f6nnen Partnerunternehmen, die offene Stellen ausgeschrieben haben, auf dem Campus der BA auf Interessenten treffen und erste kurze Kennenlern- und Bewerbungsgespr\u00e4che f\u00fchren. Studieninteressenten k\u00f6nnen dar\u00fcber hinaus den gro\u00dfen und modernen Campus der BA kennenlernen, bekommen einen ersten Eindruck, wie das duale Studium funktioniert und haben Gelegenheit, sich mit Studierenden, Dozenten, Partnerunternehmen und dem BA-Team auszutauschen.<\/p>\n<p>Diese dynamische und lockere Form der Rekrutierung ist bei Unternehmen und bei Studieninteressenten sehr beliebt. Die vergangenen Erfolge zeigen: In vielen F\u00e4llen wurde bei diesen Veranstaltungen ein wichtiger erster Grundstein gelegt, um sich einen dualen Studienplatz zu sichern.<\/p>\n<p><strong>Offene Stellen auf der BA-Webseite (Studienplatz-Portal)<\/strong><br \/>\nDank unseres Studienplatz-Portals ist Bewerben so einfach, wie noch nie: Auf dem Studienplatz-Portal finden Studieninteressenten alle freien Studienpl\u00e4tze, die unsere Partnerunternehmen ausgeschrieben haben &#8211; Selbstverst\u00e4ndlich gibt es die M\u00f6glichkeit, verschiedene Filter zu nutzen \u2013 u.a. nach dem Wunsch-Studiengang und der Wunsch-Branchenvertiefung.<\/p>\n<p>Der weitere Bewerbungsprozess k\u00f6nnte dabei nicht einfacher sein: Einfach in die passende Stelle reinklicken, Bewerbungsunterlagen hochladen und schon ist der erste Grundstein f\u00fcr ein pers\u00f6nliches Kennenlernen mit dem potenziellen neuen Arbeitgeber gelegt. [\/vc_column_text][\/vc_column][\/vc_row]<\/p>\n<input class=\"fooboxshare_post_id\" type=\"hidden\" value=\"4869\"\/>","protected":false},"excerpt":{"rendered":"<p>[vc_row][vc_column][vc_column_text]Die BA unterst\u00fctzt ihre Partnerunternehmen bei der Suche nach passenden Kandidaten f\u00fcr die offenen Stellen in gro\u00dfem Ma\u00dfe. Dabei kn\u00fcpft&#8230;<\/p>\n","protected":false},"author":1,"featured_media":0,"parent":0,"menu_order":0,"comment_status":"closed","ping_status":"closed","template":"..\/public\/views\/revslider-page-template.php","meta":{"ngg_post_thumbnail":0},"folder":[138],"_links":{"self":[{"href":"https:\/\/kunden.mymsdesign.de\/barm\/wp-json\/wp\/v2\/pages\/4869"}],"collection":[{"href":"https:\/\/kunden.mymsdesign.de\/barm\/wp-json\/wp\/v2\/pages"}],"about":[{"href":"https:\/\/kunden.mymsdesign.de\/barm\/wp-json\/wp\/v2\/types\/page"}],"author":[{"embeddable":true,"href":"https:\/\/kunden.mymsdesign.de\/barm\/wp-json\/wp\/v2\/users\/1"}],"replies":[{"embeddable":true,"href":"https:\/\/kunden.mymsdesign.de\/barm\/wp-json\/wp\/v2\/comments?post=4869"}],"version-history":[{"count":1,"href":"https:\/\/kunden.mymsdesign.de\/barm\/wp-json\/wp\/v2\/pages\/4869\/revisions"}],"predecessor-version":[{"id":4870,"href":"https:\/\/kunden.mymsdesign.de\/barm\/wp-json\/wp\/v2\/pages\/4869\/revisions\/4870"}],"wp:attachment":[{"href":"https:\/\/kunden.mymsdesign.de\/barm\/wp-json\/wp\/v2\/media?parent=4869"}],"wp:term":[{"taxonomy":"folder","embeddable":true,"href":"https:\/\/kunden.mymsdesign.de\/barm\/wp-json\/wp\/v2\/folder?post=4869"}],"curies":[{"name":"wp","href":"https:\/\/api.w.org\/{rel}","templated":true}]}}