{"id":4871,"date":"2022-06-29T22:38:31","date_gmt":"2022-06-29T20:38:31","guid":{"rendered":"https:\/\/kunden.mymsdesign.de\/barm\/?page_id=4871"},"modified":"2022-06-29T22:38:31","modified_gmt":"2022-06-29T20:38:31","slug":"modernes-studienplatzportal-bewerben-war-nie-einfacher","status":"publish","type":"page","link":"https:\/\/kunden.mymsdesign.de\/barm\/modernes-studienplatzportal-bewerben-war-nie-einfacher\/","title":{"rendered":"Modernes Studienplatzportal \u2013 Bewerben war nie einfacher!"},"content":{"rendered":"<p>[vc_row][vc_column]\n<div class=\"bp-element bp-element-heading  align-left layout-1  \" >\n    \t<h3 class=\"title\"  style=\"text-transform:none; \">\n\tModernes Studienplatzportal \u2013 Bewerben war nie einfacher!\t<\/h3>\n\n\n\n<\/div>[vc_column_text]Dank unseres Studienplatz-Portals ist Bewerben so einfach, wie noch nie: Auf dem Studienplatz-Portal finden Studieninteressenten alle freien Studienpl\u00e4tze, die unsere Partnerunternehmen ausgeschrieben haben &#8211; Selbstverst\u00e4ndlich gibt es die M\u00f6glichkeit, verschiedene Filter zu nutzen \u2013 u.a. nach dem Wunsch-Studiengang und der Wunsch-Branchenvertiefung.<\/p>\n<p>Der weitere Bewerbungsprozess k\u00f6nnte dabei nicht einfacher sein: Einfach in die passende Stelle reinklicken, Bewerbungsunterlagen hochladen und schon ist der erste Grundstein f\u00fcr ein pers\u00f6nliches Kennenlernen mit dem potenziellen neuen Arbeitgeber gelegt.<\/p>\n<p>Gerne unterst\u00fctzen wir Studieninteressenten dar\u00fcber hinaus noch intensiver im Bewerbungsprozess. Auf Wunsch pr\u00fcfen wir die Bewerbungsunterlagen und leiten diese in gemeinsamer Absprache je nach Wunsch und M\u00f6glichkeit danach an geeignete Partnerunternehmen weiter. [\/vc_column_text][\/vc_column][\/vc_row]<\/p>\n<input class=\"fooboxshare_post_id\" type=\"hidden\" value=\"4871\"\/>","protected":false},"excerpt":{"rendered":"<p>[vc_row][vc_column][vc_column_text]Dank unseres Studienplatz-Portals ist Bewerben so einfach, wie noch nie: Auf dem Studienplatz-Portal finden Studieninteressenten alle freien Studienpl\u00e4tze, die unsere&#8230;<\/p>\n","protected":false},"author":1,"featured_media":0,"parent":0,"menu_order":0,"comment_status":"closed","ping_status":"closed","template":"..\/public\/views\/revslider-page-template.php","meta":{"ngg_post_thumbnail":0},"folder":[138],"_links":{"self":[{"href":"https:\/\/kunden.mymsdesign.de\/barm\/wp-json\/wp\/v2\/pages\/4871"}],"collection":[{"href":"https:\/\/kunden.mymsdesign.de\/barm\/wp-json\/wp\/v2\/pages"}],"about":[{"href":"https:\/\/kunden.mymsdesign.de\/barm\/wp-json\/wp\/v2\/types\/page"}],"author":[{"embeddable":true,"href":"https:\/\/kunden.mymsdesign.de\/barm\/wp-json\/wp\/v2\/users\/1"}],"replies":[{"embeddable":true,"href":"https:\/\/kunden.mymsdesign.de\/barm\/wp-json\/wp\/v2\/comments?post=4871"}],"version-history":[{"count":1,"href":"https:\/\/kunden.mymsdesign.de\/barm\/wp-json\/wp\/v2\/pages\/4871\/revisions"}],"predecessor-version":[{"id":4872,"href":"https:\/\/kunden.mymsdesign.de\/barm\/wp-json\/wp\/v2\/pages\/4871\/revisions\/4872"}],"wp:attachment":[{"href":"https:\/\/kunden.mymsdesign.de\/barm\/wp-json\/wp\/v2\/media?parent=4871"}],"wp:term":[{"taxonomy":"folder","embeddable":true,"href":"https:\/\/kunden.mymsdesign.de\/barm\/wp-json\/wp\/v2\/folder?post=4871"}],"curies":[{"name":"wp","href":"https:\/\/api.w.org\/{rel}","templated":true}]}}