{"id":4873,"date":"2022-06-29T22:44:38","date_gmt":"2022-06-29T20:44:38","guid":{"rendered":"https:\/\/kunden.mymsdesign.de\/barm\/?page_id=4873"},"modified":"2022-06-29T22:44:55","modified_gmt":"2022-06-29T20:44:55","slug":"banking-finance-2","status":"publish","type":"page","link":"https:\/\/kunden.mymsdesign.de\/barm\/banking-finance-2\/","title":{"rendered":"Banking &#038; Finance"},"content":{"rendered":"<p>[vc_row][vc_column]\n<div class=\"bp-element bp-element-heading  align-left layout-1  \" >\n    \t<h3 class=\"title\"  style=\"text-transform:none; \">\n\tBanking &amp; Finance\t<\/h3>\n\n\n\n<\/div>[vc_column_text]<strong>Branchenspezialisierung I:<br \/>\nEinf\u00fchrung in die Bankbetriebslehre &amp; Finanzm\u00e4rkte<\/strong><\/p>\n<p>Gegenstand der Veranstaltung ist die Darlegung der Finanzsysteme und klassischer Bewertungsans\u00e4tze. Die Finanzkrisen in Ursachen, Wirkungen und Schlussfolgerungen schafft ein Verst\u00e4ndnis f\u00fcr die Komplexit\u00e4t des Bankgesch\u00e4fts. Der Fokus der Veranstaltung liegt auf der Vermittlung von Faktenwissen, erg\u00e4nzt um Diskussionen um den aktuellen Stand des Bankensystems im gesellschaftlichen Kontext.<\/p>\n<p><strong>Einf\u00fchrung in die Bankbetriebslehre (Auszug)<\/strong><\/p>\n<ul>\n<li>Grundlagen<\/li>\n<li>Bankgesch\u00e4fte<\/li>\n<li>Wertpapiergesch\u00e4ft<\/li>\n<li>Digitalisierung<\/li>\n<\/ul>\n<p><strong>Finanzm\u00e4rkte (Auszug)<\/strong><\/p>\n<ul>\n<li>Finanzm\u00e4rkte<\/li>\n<li>Bewertungen an den Finanzm\u00e4rkten<\/li>\n<li>Finanzkrisen und ihre Folgen<\/li>\n<\/ul>\n<p><strong>Branchenspezialisierung I:<br \/>\nFirmen- und Privatkundengesch\u00e4ft<\/strong><\/p>\n<p><strong>Firmenkundengesch\u00e4ft (Auszug)<\/strong><\/p>\n<ul>\n<li>Finanzmanagement der Firmenkunden<\/li>\n<li>Firmenkunden-Marketing<\/li>\n<li>Vier Dimensionen der Kundenn\u00e4he<\/li>\n<li>Ausgew\u00e4hlte Produktangebote<\/li>\n<\/ul>\n<p><strong>Privatkundengesch\u00e4ft (Auszug)<\/strong><\/p>\n<ul>\n<li>Retailbanking Compliance<\/li>\n<li>Anlageprodukte<\/li>\n<li>Customer Relationship Management<\/li>\n<\/ul>\n<p><strong>Branchenspezialisierung II:<br \/>\nPortfolio Mangement \/ Investment Banking \/ Bank Controlling und Risk Management<\/strong><\/p>\n<p><strong>Portfolio Management (Auszug)<\/strong><\/p>\n<ul>\n<li>Portfolio Theorie<\/li>\n<li>Asset Allocation<\/li>\n<li>Erstellung des Marktprofils: Geldmarkt-, Renten und Aktienanlagen<\/li>\n<\/ul>\n<p><strong>Investment Banking \/ Bank Controlling (Auszug)<\/strong><\/p>\n<ul>\n<li>Gesch\u00e4ftsfelder des Investment Bankings<\/li>\n<li>Mergers &amp; Acquisitions<\/li>\n<li>Unternehmensbewertung<\/li>\n<\/ul>\n<p><strong>Risk Management (Auszug)<\/strong><\/p>\n<ul>\n<li>Grundlagen, Ziele, Funktionen und Abgrenzung des Bank Controllings und des Risikomanagements<\/li>\n<li>Organisationale Herausforderungen<\/li>\n<li>Risikomessung (Methoden, Modelle, Kennzahlen)<\/li>\n<\/ul>\n<p>[\/vc_column_text][\/vc_column][\/vc_row]<\/p>\n<input class=\"fooboxshare_post_id\" type=\"hidden\" value=\"4873\"\/>","protected":false},"excerpt":{"rendered":"<p>[vc_row][vc_column][vc_column_text]Branchenspezialisierung I: Einf\u00fchrung in die Bankbetriebslehre &amp; Finanzm\u00e4rkte Gegenstand der Veranstaltung ist die Darlegung der Finanzsysteme und klassischer Bewertungsans\u00e4tze. Die&#8230;<\/p>\n","protected":false},"author":1,"featured_media":0,"parent":0,"menu_order":0,"comment_status":"closed","ping_status":"closed","template":"..\/public\/views\/revslider-page-template.php","meta":{"ngg_post_thumbnail":0},"folder":[132],"_links":{"self":[{"href":"https:\/\/kunden.mymsdesign.de\/barm\/wp-json\/wp\/v2\/pages\/4873"}],"collection":[{"href":"https:\/\/kunden.mymsdesign.de\/barm\/wp-json\/wp\/v2\/pages"}],"about":[{"href":"https:\/\/kunden.mymsdesign.de\/barm\/wp-json\/wp\/v2\/types\/page"}],"author":[{"embeddable":true,"href":"https:\/\/kunden.mymsdesign.de\/barm\/wp-json\/wp\/v2\/users\/1"}],"replies":[{"embeddable":true,"href":"https:\/\/kunden.mymsdesign.de\/barm\/wp-json\/wp\/v2\/comments?post=4873"}],"version-history":[{"count":1,"href":"https:\/\/kunden.mymsdesign.de\/barm\/wp-json\/wp\/v2\/pages\/4873\/revisions"}],"predecessor-version":[{"id":4874,"href":"https:\/\/kunden.mymsdesign.de\/barm\/wp-json\/wp\/v2\/pages\/4873\/revisions\/4874"}],"wp:attachment":[{"href":"https:\/\/kunden.mymsdesign.de\/barm\/wp-json\/wp\/v2\/media?parent=4873"}],"wp:term":[{"taxonomy":"folder","embeddable":true,"href":"https:\/\/kunden.mymsdesign.de\/barm\/wp-json\/wp\/v2\/folder?post=4873"}],"curies":[{"name":"wp","href":"https:\/\/api.w.org\/{rel}","templated":true}]}}