{"id":4881,"date":"2022-06-29T23:02:07","date_gmt":"2022-06-29T21:02:07","guid":{"rendered":"https:\/\/kunden.mymsdesign.de\/barm\/?page_id=4881"},"modified":"2022-06-29T23:02:07","modified_gmt":"2022-06-29T21:02:07","slug":"spedition-logistik","status":"publish","type":"page","link":"https:\/\/kunden.mymsdesign.de\/barm\/spedition-logistik\/","title":{"rendered":"Spedition &#038; Logistik"},"content":{"rendered":"<p>[vc_row][vc_column]\n<div class=\"bp-element bp-element-heading  align-left layout-1  \" >\n    \t<h3 class=\"title\"  style=\"text-transform:none; \">\n\tSpedition &amp; Logistik\t<\/h3>\n\n\n\n<\/div>[vc_column_text]<strong>Branchenspezialisierung I:<\/strong><br \/>\n<strong>Die Logistik-Branche und ihre Akteure, logistische Leistungserstellung (Auszug)<\/strong><\/p>\n<p>Gegenstand der Veranstaltung ist die Vermittlung eines \u00dcberblicks \u00fcber die Bedeutung der Logistik (-Branche) im nationalen und internationalen Kontext. Dar\u00fcber hinaus lernen die Studierenden die unterschiedlichen Akteure in der Logistik-Branche kennen. Zudem wird auf die Verkehrsbetriebslehre eingegangen. Es werden die Vor- und Nachteile der Land-, See- und Luftverkehre diskutiert und&nbsp;m\u00f6gliche Effizienzsteigerungen durch sinnvolle Kombination der unterschiedlichen Transportwege (intermodaler Transport) besprochen. Gegenstand der Veranstaltung sind zudem die Grundlagen der logistischen Leistungserstellung sowie das Prozessmanagement in der Logistik.<\/p>\n<p><strong>Inhalte (Auszug)<\/strong><\/p>\n<ul>\n<li>Die Logistik-Branche<\/li>\n<li>Logistik-Dienstleistungsunternehmen<\/li>\n<li>Organisation der Logistik<\/li>\n<li>Strategieausrichtung<\/li>\n<li>Verkehrsbetriebslehre<\/li>\n<li>Grundlagen der logistischen Leistungserstellung<\/li>\n<li>Logistisches Prozessmanagement<\/li>\n<li>Quantitative Methoden des logistischen<\/li>\n<li>Prozessmanagements<\/li>\n<li>Generierung optimaler Prozessketten<\/li>\n<\/ul>\n<p><strong>Branchenspezialisierung II:<\/strong><br \/>\n<strong>E-Logistics entlang der Wertsch\u00f6pfungskette und Future Logistics<\/strong><\/p>\n<p><strong>Inhalte (Auszug)<\/strong><\/p>\n<ul>\n<li>Beschaffungslogistik<\/li>\n<li>Produktionslogistik<\/li>\n<li>Lagerlogistik<\/li>\n<li>Distributionslogistik<\/li>\n<li>Katastrophenlogistik<\/li>\n<li>Event-Logistik<\/li>\n<li>Logistik und Umweltschutz<\/li>\n<\/ul>\n<p>[\/vc_column_text][\/vc_column][\/vc_row]<\/p>\n<input class=\"fooboxshare_post_id\" type=\"hidden\" value=\"4881\"\/>","protected":false},"excerpt":{"rendered":"<p>[vc_row][vc_column][vc_column_text]Branchenspezialisierung I: Die Logistik-Branche und ihre Akteure, logistische Leistungserstellung (Auszug) Gegenstand der Veranstaltung ist die Vermittlung eines \u00dcberblicks \u00fcber die&#8230;<\/p>\n","protected":false},"author":1,"featured_media":0,"parent":0,"menu_order":0,"comment_status":"closed","ping_status":"closed","template":"..\/public\/views\/revslider-page-template.php","meta":{"ngg_post_thumbnail":0},"folder":[132],"_links":{"self":[{"href":"https:\/\/kunden.mymsdesign.de\/barm\/wp-json\/wp\/v2\/pages\/4881"}],"collection":[{"href":"https:\/\/kunden.mymsdesign.de\/barm\/wp-json\/wp\/v2\/pages"}],"about":[{"href":"https:\/\/kunden.mymsdesign.de\/barm\/wp-json\/wp\/v2\/types\/page"}],"author":[{"embeddable":true,"href":"https:\/\/kunden.mymsdesign.de\/barm\/wp-json\/wp\/v2\/users\/1"}],"replies":[{"embeddable":true,"href":"https:\/\/kunden.mymsdesign.de\/barm\/wp-json\/wp\/v2\/comments?post=4881"}],"version-history":[{"count":1,"href":"https:\/\/kunden.mymsdesign.de\/barm\/wp-json\/wp\/v2\/pages\/4881\/revisions"}],"predecessor-version":[{"id":4882,"href":"https:\/\/kunden.mymsdesign.de\/barm\/wp-json\/wp\/v2\/pages\/4881\/revisions\/4882"}],"wp:attachment":[{"href":"https:\/\/kunden.mymsdesign.de\/barm\/wp-json\/wp\/v2\/media?parent=4881"}],"wp:term":[{"taxonomy":"folder","embeddable":true,"href":"https:\/\/kunden.mymsdesign.de\/barm\/wp-json\/wp\/v2\/folder?post=4881"}],"curies":[{"name":"wp","href":"https:\/\/api.w.org\/{rel}","templated":true}]}}